{"id":53379,"date":"2024-01-24T12:19:31","date_gmt":"2024-01-24T11:19:31","guid":{"rendered":"https:\/\/algimouss.com\/declaration-daccessibilite-du-site-algimouss-com-au-rgaa\/"},"modified":"2026-01-20T11:44:01","modified_gmt":"2026-01-20T10:44:01","slug":"declaracion-de-accesibilidad-del-sitio-algimouss-com-al-rgaa","status":"publish","type":"page","link":"https:\/\/algimouss.com\/es\/declaracion-de-accesibilidad-del-sitio-algimouss-com-al-rgaa\/","title":{"rendered":"Declaraci\u00f3n de accesibilidad del sitio algimouss.com al RGAA"},"content":{"rendered":"\n<div class=\"wp-block-cover alignfull\" style=\"min-height:249px;aspect-ratio:unset;\"><span aria-hidden=\"true\" class=\"wp-block-cover__background has-main-color-background-color has-background-dim-80 has-background-dim\"><\/span><div class=\"wp-block-cover__inner-container is-layout-flow wp-block-cover-is-layout-flow\">\n<h1 class=\"wp-block-heading has-text-align-center is-style-main_title has-white-color has-text-color\">Declaraci\u00f3n de accesibilidad del sitio algimouss.com al RGAA<\/h1>\n<\/div><\/div>\n\n\n\n<div style=\"height:49px\" aria-hidden=\"true\" class=\"wp-block-spacer\"><\/div>\n\n\n\n<p>Algimouss se compromete a que su sitio web sea accesible de acuerdo con el art\u00edculo 47 de la ley n.\u00ba 2005-102 del 11 de febrero de 2005.<\/p>\n\n\n\n<p>Para ello, implementa su esquema plurianual y las siguientes acciones para el a\u00f1o 2024.<\/p>\n\n\n\n<h2 class=\"wp-block-heading\">Estado de conformidad<\/h2>\n\n\n\n<p>El sitio algimouss.com cumple parcialmente con el referencial general de mejora de la accesibilidad RGAA versi\u00f3n 4.1. Las no conformidades y las posibles excepciones se enumeran a continuaci\u00f3n.<\/p>\n\n\n\n<h2 class=\"wp-block-heading\">Resultado de las pruebas<\/h2>\n\n\n\n<p>La auditor\u00eda de conformidad realizada revela que:<\/p>\n\n\n\n<p>el 76 % de los criterios RGAA se cumplen.<\/p>\n\n\n\n<h3 class=\"wp-block-heading\">Contenidos inaccesibles<\/h3>\n\n\n\n<p>Los contenidos listados a continuaci\u00f3n no son accesibles por las siguientes razones.<\/p>\n\n\n\n<h3 class=\"wp-block-heading\">No conformidades<\/h3>\n\n\n\n<p>Solo se enumeran aqu\u00ed las no conformidades consideradas m\u00e1s impactantes y presentes en cantidades significativas en las p\u00e1ginas de la muestra. Bajo petici\u00f3n, se puede poner a disposici\u00f3n el resultado completo de la auditor\u00eda.<\/p>\n\n\n\n<ul class=\"wp-block-list\">\n<li>Algunas im\u00e1genes que transmiten informaci\u00f3n no tienen alternativas o no son pertinentes;<\/li>\n\n\n\n<li>Algunas im\u00e1genes decorativas con alternativas proporcionadas;<\/li>\n\n\n\n<li>Algunos pies de foto son incorrectos;<\/li>\n\n\n\n<li>Algunos marcos en l\u00ednea tienen un t\u00edtulo que no es pertinente;<\/li>\n\n\n\n<li>Algunos textos o componentes de la interfaz no tienen un contraste suficiente con su fondo;<\/li>\n\n\n\n<li>Algunos v\u00eddeos no tienen audiodescripci\u00f3n, transcripci\u00f3n textual o subt\u00edtulos;<\/li>\n\n\n\n<li>Algunos componentes Javascript no son compatibles con las tecnolog\u00edas de asistencia:\n<ul class=\"wp-block-list\">\n<li>Componentes de ventana modal;<\/li>\n<\/ul>\n<\/li>\n\n\n\n<li>Algunas etiquetas se usan solo con fines de presentaci\u00f3n;<\/li>\n\n\n\n<li>Algunas listas no est\u00e1n correctamente estructuradas;<\/li>\n\n\n\n<li>Algunos contenidos no tienen un orden coherente cuando se desactivan los estilos;<\/li>\n\n\n\n<li>Algunos contenidos dejan de ser visibles cuando el zoom est\u00e1 al 200 %;<\/li>\n\n\n\n<li>La gesti\u00f3n del foco a veces se degrada;<\/li>\n\n\n\n<li>Algunos campos de formulario no tienen etiquetas o est\u00e1n mal formadas;<\/li>\n\n\n\n<li>Algunos campos no est\u00e1n agrupados o los grupos no tienen t\u00edtulo;<\/li>\n\n\n\n<li>Los valores de los campos no se deducen autom\u00e1ticamente de los datos del usuario;<\/li>\n\n\n\n<li>Algunas \u00e1reas de contenido no tienen el rol correcto;<\/li>\n\n\n\n<li>Algunas p\u00e1ginas no tienen enlaces de acceso r\u00e1pido;<\/li>\n\n\n\n<li>El orden de tabulaci\u00f3n no siempre es pertinente;<\/li>\n\n\n\n<li>Algunos documentos descargables no tienen versi\u00f3n accesible;<\/li>\n\n\n\n<li><strong>Excepciones para contenidos de terceros<\/strong><\/li>\n<\/ul>\n\n\n\n<h2 class=\"wp-block-heading\">Establecimiento de esta declaraci\u00f3n de accesibilidad<\/h2>\n\n\n\n<p>Esta declaraci\u00f3n fue establecida el 24 de enero de 2024.<\/p>\n\n\n\n<h3 class=\"wp-block-heading\">Tecnolog\u00edas utilizadas para la realizaci\u00f3n del sitio web<\/h3>\n\n\n\n<ul class=\"wp-block-list\">\n<li>PHP<\/li>\n\n\n\n<li>HTML<\/li>\n\n\n\n<li>CSS<\/li>\n\n\n\n<li>Javascript<\/li>\n\n\n\n<li>React JS<\/li>\n<\/ul>\n\n\n\n<h3 class=\"wp-block-heading\">Agentes de usuario, tecnolog\u00edas de asistencia y herramientas utilizadas para verificar la accesibilidad<\/h3>\n\n\n\n<p>Las verificaciones de restituci\u00f3n de contenidos se realizaron con las siguientes configuraciones: <\/p>\n\n\n\n<ul class=\"wp-block-list\">\n<li>Firefox y VoiceOver<\/li>\n<\/ul>\n\n\n\n<h3 class=\"wp-block-heading\">Se utilizaron las siguientes herramientas de verificaci\u00f3n de c\u00f3digo para comprobar la conformidad con las pruebas del RGAA:<\/h3>\n\n\n\n<ul class=\"wp-block-list\">\n<li>Extensi\u00f3n \u00abWeb Developer\u00bb;<\/li>\n\n\n\n<li>Extensi\u00f3n \u00abAssistant RGAA\u00bb;<\/li>\n\n\n\n<li>Extensi\u00f3n \u00abWCAG Contrast Checker\u00bb;<\/li>\n\n\n\n<li>Extensi\u00f3n \u00abARC Toolkit\u00bb;<\/li>\n\n\n\n<li>Herramientas para desarrolladores integradas en el navegador Firefox;<\/li>\n\n\n\n<li>Validador HTML del W3C.<\/li>\n<\/ul>\n\n\n\n<p>P\u00e1ginas del sitio que fueron objeto de verificaci\u00f3n de conformidad:<\/p>\n\n\n\n<ul class=\"wp-block-list\">\n<li>P\u00e1gina de inicio<\/li>\n\n\n\n<li>Nuestras noticias<\/li>\n\n\n\n<li>Algi-vert<\/li>\n\n\n\n<li>Particulares<\/li>\n<\/ul>\n","protected":false},"excerpt":{"rendered":"<p>Algimouss se compromete a que su sitio web sea accesible de acuerdo con el art\u00edculo [&hellip;]<\/p>\n","protected":false},"author":1,"featured_media":0,"parent":0,"menu_order":94,"comment_status":"closed","ping_status":"closed","template":"","meta":{"_acf_changed":false,"footnotes":""},"categories":[],"tags":[125],"class_list":["post-53379","page","type-page","status-publish","hentry","tag-noyarpp"],"acf":[],"_links":{"self":[{"href":"https:\/\/algimouss.com\/es\/wp-json\/wp\/v2\/pages\/53379","targetHints":{"allow":["GET"]}}],"collection":[{"href":"https:\/\/algimouss.com\/es\/wp-json\/wp\/v2\/pages"}],"about":[{"href":"https:\/\/algimouss.com\/es\/wp-json\/wp\/v2\/types\/page"}],"author":[{"embeddable":true,"href":"https:\/\/algimouss.com\/es\/wp-json\/wp\/v2\/users\/1"}],"replies":[{"embeddable":true,"href":"https:\/\/algimouss.com\/es\/wp-json\/wp\/v2\/comments?post=53379"}],"version-history":[{"count":3,"href":"https:\/\/algimouss.com\/es\/wp-json\/wp\/v2\/pages\/53379\/revisions"}],"predecessor-version":[{"id":53385,"href":"https:\/\/algimouss.com\/es\/wp-json\/wp\/v2\/pages\/53379\/revisions\/53385"}],"wp:attachment":[{"href":"https:\/\/algimouss.com\/es\/wp-json\/wp\/v2\/media?parent=53379"}],"wp:term":[{"taxonomy":"category","embeddable":true,"href":"https:\/\/algimouss.com\/es\/wp-json\/wp\/v2\/categories?post=53379"},{"taxonomy":"post_tag","embeddable":true,"href":"https:\/\/algimouss.com\/es\/wp-json\/wp\/v2\/tags?post=53379"}],"curies":[{"name":"wp","href":"https:\/\/api.w.org\/{rel}","templated":true}]}}