{"id":53372,"date":"2024-01-24T12:14:36","date_gmt":"2024-01-24T11:14:36","guid":{"rendered":"https:\/\/algimouss.com\/schema-pluriannuel\/"},"modified":"2026-01-20T11:27:57","modified_gmt":"2026-01-20T10:27:57","slug":"esquema-plurianual-de-accesibilidad","status":"publish","type":"page","link":"https:\/\/algimouss.com\/es\/esquema-plurianual-de-accesibilidad\/","title":{"rendered":"Esquema plurianual de accesibilidad"},"content":{"rendered":"\n<div class=\"wp-block-cover alignfull\" style=\"min-height:249px;aspect-ratio:unset;\"><span aria-hidden=\"true\" class=\"wp-block-cover__background has-main-color-background-color has-background-dim-80 has-background-dim\"><\/span><div class=\"wp-block-cover__inner-container is-layout-flow wp-block-cover-is-layout-flow\">\n<h1 class=\"wp-block-heading has-text-align-center is-style-main_title has-white-color has-text-color\">Esquema plurianual de accesibilidad<\/h1>\n<\/div><\/div>\n\n\n\n<div style=\"height:50px\" aria-hidden=\"true\" class=\"wp-block-spacer\"><\/div>\n\n\n\n<p><strong>El art\u00edculo 47 de la ley n.\u00ba 2005-102 del 11 de febrero de 2005 sobre igualdad de derechos y oportunidades, participaci\u00f3n y ciudadan\u00eda de las personas obliga a que todo servicio de comunicaci\u00f3n p\u00fablica en l\u00ednea sea accesible para todos.<\/strong><\/p>\n\n\n\n<h2 class=\"wp-block-heading\">Pol\u00edtica de accesibilidad<\/h2>\n\n\n\n<p>La accesibilidad digital est\u00e1 en el centro de las preocupaciones relacionadas con el desarrollo o la puesta a disposici\u00f3n de sitios web o aplicaciones, tanto para el p\u00fablico como para el personal interno de Algimouss.<\/p>\n\n\n\n<p>Esta voluntad se refleja en la elaboraci\u00f3n de este esquema plurianual de accesibilidad digital asociado a planes de acci\u00f3n anuales, con el objetivo de acompa\u00f1ar la conformidad con el RGAA (Referencial General de Mejora de la Accesibilidad) y la mejora progresiva de los sitios web y aplicaciones correspondientes.<\/p>\n\n\n\n<h2 class=\"wp-block-heading\">Referente de accesibilidad<\/h2>\n\n\n\n<p>La elaboraci\u00f3n, el seguimiento y la actualizaci\u00f3n de este esquema plurianual est\u00e1n bajo la responsabilidad del referente de accesibilidad.<\/p>\n\n\n\n<p>Su misi\u00f3n es promover la accesibilidad mediante la difusi\u00f3n de normas y buenas pr\u00e1cticas, acompa\u00f1ar a los equipos internos mediante acciones de formaci\u00f3n, controlar y velar por la aplicaci\u00f3n de la ley n.\u00ba 2005-102 del 11 de febrero de 2005 mediante auditor\u00edas regulares, realizadas directamente o a trav\u00e9s de expertos, garantizar la atenci\u00f3n a las solicitudes de los usuarios y, en general, asegurar la calidad del servicio prestado a los usuarios con discapacidad.<\/p>\n\n\n\n<h2 class=\"wp-block-heading\">Organizaci\u00f3n de la consideraci\u00f3n de la accesibilidad digital<\/h2>\n\n\n\n<p>La consideraci\u00f3n de la accesibilidad digital requiere una adaptaci\u00f3n de la organizaci\u00f3n interna de producci\u00f3n y gesti\u00f3n de los sitios web y aplicaciones correspondientes, acompa\u00f1amiento del personal, modificaci\u00f3n de los procedimientos de mercado y, finalmente, atenci\u00f3n a las personas con discapacidad cuando reportan dificultades.<\/p>\n\n\n\n<p>Los elementos siguientes describen los puntos importantes sobre los que Algimouss se apoyar\u00e1 para mejorar la accesibilidad digital de todos sus sitios web y aplicaciones.<\/p>\n\n\n\n<h2 class=\"wp-block-heading\">Consideraci\u00f3n de la accesibilidad digital en los proyectos<\/h2>\n\n\n\n<p>Algimouss integra la accesibilidad como un componente de los proyectos que actualmente est\u00e1n en curso de elaboraci\u00f3n, en particular las renovaciones de sitios web en desarrollo. Los objetivos de accesibilidad y conformidad con el RGAA se registran y recuerdan desde el inicio de los proyectos.<\/p>\n\n\n\n<p>De la misma manera, estos objetivos y requisitos se recordar\u00e1n en los eventuales convenios establecidos con nuestros operadores, delegatarios o socios.<\/p>\n\n\n\n<h2 class=\"wp-block-heading\">\u00c1mbito t\u00e9cnico y funcional<\/h2>\n\n\n\n<h3 class=\"wp-block-heading\">Evaluaci\u00f3n y calificaci\u00f3n<\/h3>\n\n\n\n<p>Se han realizado o se realizar\u00e1n evaluaciones r\u00e1pidas de accesibilidad, que servir\u00e1n de base para la elaboraci\u00f3n de las intervenciones de auditor\u00eda, en todos los sitios y aplicaciones implicados.<\/p>\n\n\n\n<p>Estas evaluaciones se centran en un peque\u00f1o n\u00famero de criterios seleccionados por su pertinencia en t\u00e9rminos de evaluaci\u00f3n de la complejidad y la viabilidad de la puesta en conformidad con el RGAA.<\/p>\n","protected":false},"excerpt":{"rendered":"<p>El art\u00edculo 47 de la ley n.\u00ba 2005-102 del 11 de febrero de 2005 sobre [&hellip;]<\/p>\n","protected":false},"author":1,"featured_media":0,"parent":0,"menu_order":95,"comment_status":"closed","ping_status":"closed","template":"","meta":{"_acf_changed":false,"footnotes":""},"categories":[],"tags":[125],"class_list":["post-53372","page","type-page","status-publish","hentry","tag-noyarpp"],"acf":[],"_links":{"self":[{"href":"https:\/\/algimouss.com\/es\/wp-json\/wp\/v2\/pages\/53372","targetHints":{"allow":["GET"]}}],"collection":[{"href":"https:\/\/algimouss.com\/es\/wp-json\/wp\/v2\/pages"}],"about":[{"href":"https:\/\/algimouss.com\/es\/wp-json\/wp\/v2\/types\/page"}],"author":[{"embeddable":true,"href":"https:\/\/algimouss.com\/es\/wp-json\/wp\/v2\/users\/1"}],"replies":[{"embeddable":true,"href":"https:\/\/algimouss.com\/es\/wp-json\/wp\/v2\/comments?post=53372"}],"version-history":[{"count":2,"href":"https:\/\/algimouss.com\/es\/wp-json\/wp\/v2\/pages\/53372\/revisions"}],"predecessor-version":[{"id":53377,"href":"https:\/\/algimouss.com\/es\/wp-json\/wp\/v2\/pages\/53372\/revisions\/53377"}],"wp:attachment":[{"href":"https:\/\/algimouss.com\/es\/wp-json\/wp\/v2\/media?parent=53372"}],"wp:term":[{"taxonomy":"category","embeddable":true,"href":"https:\/\/algimouss.com\/es\/wp-json\/wp\/v2\/categories?post=53372"},{"taxonomy":"post_tag","embeddable":true,"href":"https:\/\/algimouss.com\/es\/wp-json\/wp\/v2\/tags?post=53372"}],"curies":[{"name":"wp","href":"https:\/\/api.w.org\/{rel}","templated":true}]}}