{"id":53361,"date":"2024-01-24T12:23:18","date_gmt":"2024-01-24T11:23:18","guid":{"rendered":"https:\/\/algimouss.com\/plan-annuel-daccessibilite-pour-2024-de-algimouss\/"},"modified":"2026-02-16T10:16:09","modified_gmt":"2026-02-16T09:16:09","slug":"plan-anual-de-accesibilidad-2024-de-algimouss","status":"publish","type":"page","link":"https:\/\/algimouss.com\/es\/plan-anual-de-accesibilidad-2024-de-algimouss\/","title":{"rendered":"Plan anual de accesibilidad 2024 de Algimouss"},"content":{"rendered":"\n<div class=\"wp-block-cover alignfull\" style=\"min-height:250px;aspect-ratio:unset;\"><span aria-hidden=\"true\" class=\"wp-block-cover__background has-main-color-background-color has-background-dim-80 has-background-dim\"><\/span><div class=\"wp-block-cover__inner-container is-layout-flow wp-block-cover-is-layout-flow\">\n<h1 class=\"wp-block-heading has-text-align-center is-style-main_title has-white-color has-text-color\">Plan anual de accesibilidad 2024 de Algimouss<\/h1>\n<\/div><\/div>\n\n\n\n<div style=\"height:50px\" aria-hidden=\"true\" class=\"wp-block-spacer\"><\/div>\n\n\n\n<p><strong>El art\u00edculo 47 de la ley n.\u00ba 2005-102 del 11 de febrero de 2005 sobre igualdad de derechos y oportunidades, participaci\u00f3n y ciudadan\u00eda de las personas, obliga a que todo servicio de comunicaci\u00f3n p\u00fablica en l\u00ednea sea accesible para todos.<\/strong><\/p>\n\n\n\n<h2 class=\"wp-block-heading\">Esquema plurianual<\/h2>\n\n\n\n<p>La ley obliga a publicar un esquema plurianual de tres a\u00f1os con el objetivo de informar al p\u00fablico sobre los medios y acciones implementadas para hacer que los sitios y aplicaciones sean accesibles para todos y, m\u00e1s concretamente, conformes al RGAA (Referencial General de Mejora de la Accesibilidad).<\/p>\n\n\n\n<p>El esquema plurianual de accesibilidad del sitio algimouss.com se public\u00f3 el 24 de enero de 2024 y est\u00e1 disponible para consulta en esta direcci\u00f3n: <a href=\"https:\/\/algimouss.com\/es\/esquema-plurianual-de-accesibilidad\/\" data-type=\"link\" data-id=\"https:\/\/algimouss.com\/schema-pluriannuel\/\">Esquema plurianual<\/a><\/p>\n\n\n\n<h2 class=\"wp-block-heading\">Plan anual<\/h2>\n\n\n\n<p>El esquema plurianual debe ir acompa\u00f1ado de un plan anual de acci\u00f3n que detalle las operaciones programadas y ejecutadas para el a\u00f1o en curso, as\u00ed como el estado de seguimiento de dichas acciones.<\/p>\n\n\n\n<p>El presente documento es el plan anual 2024 asociado al esquema plurianual 2024.<\/p>\n\n\n\n<p>Contiene un cuadro resumido de las acciones que se han llevado o se llevar\u00e1n a cabo en 2024, su fecha de vencimiento si se conoce, as\u00ed como su estado de avance y realizaci\u00f3n.<\/p>\n\n\n\n<h2 class=\"wp-block-heading\">Plan anual 2023<\/h2>\n\n\n\n<h3 class=\"wp-block-heading\">Operaciones diversas<\/h3>\n\n\n\n<figure class=\"wp-block-table\"><table class=\"has-fixed-layout\"><tbody><tr><th>Tipo<\/th><th>Acci\u00f3n<\/th><th>Detalles<\/th><th>Implementaci\u00f3n<\/th><th>Realizado<\/th><\/tr><tr><td>Auditor\u00edas<\/td><td>Auditor\u00eda y publicaci\u00f3n de la declaraci\u00f3n de accesibilidad<\/td><td>Auditor\u00eda del sitio algimouss.com<\/td><td>01\/2024<\/td><td>Realizado<\/td><\/tr><tr><td>Esquema plurianual<\/td><td>Implementaci\u00f3n<\/td><td>Estudio e implementaci\u00f3n<\/td><td>01\/2024<\/td><td>Realizado<\/td><\/tr><tr><td>Plan anual<\/td><td>Implementaci\u00f3n<\/td><td>Estudio e implementaci\u00f3n<\/td><td>01\/2024<\/td><td>Realizado<\/td><\/tr><tr><td>Optimizaci\u00f3n<\/td><td>Mejora de la accesibilidad<\/td><td>Mejora de los puntos de no conformidad detectados por la auditor\u00eda<\/td><td>Durante 2024\/2025<\/td><td>En curso<\/td><\/tr><\/tbody><\/table><\/figure>\n\n\n\n<h3 class=\"wp-block-heading\">Auditor\u00edas RGAA o de conformidad RGAA<\/h3>\n\n\n\n<p>Se trata de auditor\u00edas RGAA realizadas en fase de reparaciones, dise\u00f1o, acompa\u00f1amiento o certificaci\u00f3n:<\/p>\n\n\n\n<ul class=\"wp-block-list\">\n<li>Las auditor\u00edas RGAA se utilizan durante las fases de correcciones y acompa\u00f1amiento.<\/li>\n\n\n\n<li>Las auditor\u00edas de conformidad RGAA se utilizan durante las fases de certificaci\u00f3n y producen una declaraci\u00f3n de conformidad.<\/li>\n<\/ul>\n\n\n\n<h4 class=\"wp-block-heading\">Sitios web<\/h4>\n\n\n\n<figure class=\"wp-block-table\"><table class=\"has-fixed-layout\"><tbody><tr><th>Tipo<\/th><th>Sitio<\/th><th>URL<\/th><th>Implementaci\u00f3n<\/th><th>Realizado<\/th><th>Auditor\u00eda p\u00fablica<\/th><\/tr><tr><td>Auditor\u00eda de conformidad<\/td><td>Algimouss<\/td><td>algimouss.com<\/td><td>2024<\/td><td>Realizado<\/td><td>Auditor\u00eda p\u00fablica<\/td><\/tr><\/tbody><\/table><\/figure>\n","protected":false},"excerpt":{"rendered":"<p>El art\u00edculo 47 de la ley n.\u00ba 2005-102 del 11 de febrero de 2005 sobre [&hellip;]<\/p>\n","protected":false},"author":1,"featured_media":0,"parent":0,"menu_order":92,"comment_status":"closed","ping_status":"closed","template":"","meta":{"_acf_changed":false,"footnotes":""},"categories":[],"tags":[125],"class_list":["post-53361","page","type-page","status-publish","hentry","tag-noyarpp"],"acf":[],"_links":{"self":[{"href":"https:\/\/algimouss.com\/es\/wp-json\/wp\/v2\/pages\/53361","targetHints":{"allow":["GET"]}}],"collection":[{"href":"https:\/\/algimouss.com\/es\/wp-json\/wp\/v2\/pages"}],"about":[{"href":"https:\/\/algimouss.com\/es\/wp-json\/wp\/v2\/types\/page"}],"author":[{"embeddable":true,"href":"https:\/\/algimouss.com\/es\/wp-json\/wp\/v2\/users\/1"}],"replies":[{"embeddable":true,"href":"https:\/\/algimouss.com\/es\/wp-json\/wp\/v2\/comments?post=53361"}],"version-history":[{"count":4,"href":"https:\/\/algimouss.com\/es\/wp-json\/wp\/v2\/pages\/53361\/revisions"}],"predecessor-version":[{"id":53500,"href":"https:\/\/algimouss.com\/es\/wp-json\/wp\/v2\/pages\/53361\/revisions\/53500"}],"wp:attachment":[{"href":"https:\/\/algimouss.com\/es\/wp-json\/wp\/v2\/media?parent=53361"}],"wp:term":[{"taxonomy":"category","embeddable":true,"href":"https:\/\/algimouss.com\/es\/wp-json\/wp\/v2\/categories?post=53361"},{"taxonomy":"post_tag","embeddable":true,"href":"https:\/\/algimouss.com\/es\/wp-json\/wp\/v2\/tags?post=53361"}],"curies":[{"name":"wp","href":"https:\/\/api.w.org\/{rel}","templated":true}]}}