{"id":52817,"date":"2024-04-03T15:46:27","date_gmt":"2024-04-03T13:46:27","guid":{"rendered":"https:\/\/algimouss.com\/mieux-comprendre-nos-produits-chimiques-biocide\/"},"modified":"2026-01-13T10:16:49","modified_gmt":"2026-01-13T09:16:49","slug":"comprender-mejor-nuestros-productos-quimicos-biocida","status":"publish","type":"page","link":"https:\/\/algimouss.com\/es\/comprender-mejor-nuestros-productos-quimicos-biocida\/","title":{"rendered":"Comprender mejor nuestros productos qu\u00edmicos \u00abbiocida\u00bb"},"content":{"rendered":"\n<h1 class=\"wp-block-heading has-text-align-center has-main-color-color has-text-color has-link-color wp-elements-e8e30a1f9f0378d60863e8d22733de77\" style=\"padding-top:var(--wp--preset--spacing--80)\">Comprender mejor nuestros productos qu\u00edmicos \u00abbiocida\u00bb<\/h1>\n\n\n\n<h2 class=\"wp-block-heading is-style-snd_title\" style=\"padding-top:var(--wp--preset--spacing--70);padding-bottom:0\">Algunas explicaciones sobre la regulaci\u00f3n de biocidas y los t\u00e9rminos anti-musgo, alguicida y fungicida<\/h2>\n\n\n\n<hr class=\"wp-block-separator has-text-color has-snd-color-color has-alpha-channel-opacity has-snd-color-background-color has-background\"\/>\n\n\n\n<h3 class=\"wp-block-heading is-style-third_title has-main-color-color has-text-color has-link-color wp-elements-d05c4c49dcb1ca61a7b510715a85b7cd\" style=\"padding-top:var(--wp--preset--spacing--70);padding-bottom:var(--wp--preset--spacing--60)\">\u00bfPor qu\u00e9 ya no podemos utilizar las palabras \u00abanti-musgo\u00bb, \u00abantimusgo\u00bb o \u00abdesincrustante\u00bb?<\/h3>\n\n\n\n<div class=\"wp-block-columns is-layout-flex wp-container-core-columns-is-layout-8b288d98 wp-block-columns-is-layout-flex\" style=\"padding-top:0\">\n<div class=\"wp-block-column is-layout-flow wp-block-column-is-layout-flow\" style=\"padding-top:0;padding-bottom:0\">\n<p>Los productos \u00ab anti-musgo \u00bb ahora entran en el \u00e1mbito de los productos fitosanitarios (com\u00fanmente llamados pesticidas), por lo que t\u00e9rminos como \u00ab antimusgo \u00bb, \u00ab anti-musgo \u00bb o \u00ab desincrustante \u00bb ya no est\u00e1n permitidos en toda nuestra documentaci\u00f3n, ya sean fichas t\u00e9cnicas o etiquetas.<\/p>\n\n\n\n<p>Por ello, hoy utilizamos los t\u00e9rminos \u00ab tratamiento curativo y preventivo \u00bb, \u00ab anti-verd\u00edn \u00bb, \u00ab anti-dep\u00f3sitos verdes \u00bb, \u00ab tratamiento fungicida \u00bb o \u00ab tratamiento alguicida \u00bb para describir nuestros productos. Este cambio de denominaci\u00f3n no afecta en absoluto su formulaci\u00f3n, funcionamiento ni eficacia.<\/p>\n<\/div>\n<\/div>\n\n\n\n<h3 class=\"wp-block-heading has-text-align-left is-style-third_title has-main-color-color has-text-color has-link-color wp-elements-c5efc19fc976f9aa5407f71b88efb103\" style=\"padding-top:var(--wp--preset--spacing--60);padding-bottom:var(--wp--preset--spacing--60)\">Los diferentes componentes qu\u00edmicos de los tratamientos Algimouss y sus efectos<\/h3>\n\n\n\n<p>La combinaci\u00f3n de las diferentes mol\u00e9culas contenidas en los productos Algimouss est\u00e1 cuidadosamente elegida para lograr una sinergia \u00f3ptima que se traduce en una acci\u00f3n m\u00e1s r\u00e1pida y prolongada. Al final, la eficacia es a\u00fan mayor en cada una de las etapas del tratamiento: mojabilidad del soporte, absorci\u00f3n del producto por el soporte y por los vegetales par\u00e1sitos, destrucci\u00f3n de los microorganismos y protecci\u00f3n prolongada del soporte.<\/p>\n\n\n<div class=\"wp-block-image\">\n<figure class=\"aligncenter size-full\"><img loading=\"lazy\" decoding=\"async\" width=\"754\" height=\"215\" src=\"https:\/\/algimouss.com\/wp-content\/uploads\/algimouss-efficacite-algimouss.png\" alt=\"\" class=\"wp-image-52950\" srcset=\"https:\/\/algimouss.com\/wp-content\/uploads\/algimouss-efficacite-algimouss.png 754w, https:\/\/algimouss.com\/wp-content\/uploads\/algimouss-efficacite-algimouss-300x86.png 300w, https:\/\/algimouss.com\/wp-content\/uploads\/algimouss-efficacite-algimouss-80x23.png 80w, https:\/\/algimouss.com\/wp-content\/uploads\/algimouss-efficacite-algimouss-180x51.png 180w, https:\/\/algimouss.com\/wp-content\/uploads\/algimouss-efficacite-algimouss-450x128.png 450w, https:\/\/algimouss.com\/wp-content\/uploads\/algimouss-efficacite-algimouss-120x34.png 120w\" sizes=\"auto, (max-width: 754px) 100vw, 754px\" \/><\/figure>\n<\/div>\n\n\n<h3 class=\"wp-block-heading has-text-align-left is-style-third_title has-main-color-color has-text-color has-link-color wp-elements-331d797f9fe59af74985ae03cb58dd02\" style=\"padding-top:var(--wp--preset--spacing--60);padding-bottom:var(--wp--preset--spacing--60)\">\u00bfC\u00f3mo se regula su puesta a disposici\u00f3n en el mercado?<\/h3>\n\n\n\n<p>El reglamento europeo (UE) n\u00ba 528\/2012 da seguimiento a la directiva europea 98\/8\/CE, que busca armonizar la regulaci\u00f3n de los Estados miembros de la Uni\u00f3n Europea respecto a los biocidas.<\/p>\n\n\n\n<p>El objetivo principal de esta regulaci\u00f3n es garantizar un nivel elevado de protecci\u00f3n del ser humano, de los animales y del medio ambiente, poniendo en el mercado \u00fanicamente las sustancias activas y productos biocidas eficaces. Ofrece un marco legislativo que regula la comercializaci\u00f3n y los \u00e1mbitos de aplicaci\u00f3n de estas mol\u00e9culas.<\/p>\n\n\n\n<h2 class=\"wp-block-heading has-text-align-left is-style-snd_title\" style=\"padding-top:var(--wp--preset--spacing--60);padding-bottom:0\">El uso de los productos de tratamiento Algimouss<\/h2>\n\n\n\n<hr class=\"wp-block-separator has-text-color has-snd-color-color has-alpha-channel-opacity has-snd-color-background-color has-background\"\/>\n\n\n\n<p style=\"padding-top:var(--wp--preset--spacing--60)\">Los tratamientos curativos y preventivos (anteriormente denominados \u00ab antimusgo \u00bb, \u00ab anti-musgo \u00bb o \u00ab desincrustante \u00bb) se utilizan en todos los soportes y materiales presentes en el \u00e1mbito de la construcci\u00f3n: tejados, fachadas, terrazas, pavimentos, madera, etc. Penetran en los soportes absorbentes, neutralizan y eliminan los microorganismos (l\u00edquenes, musgos, algas, mohos &#8230;) que se desarrollan.<\/p>\n\n\n\n<p style=\"padding-top:0\">Nuestros tratamientos act\u00faan a largo plazo (1 a 9 meses) para una eliminaci\u00f3n profunda de los microorganismos en el soporte. Nuestros productos tienen una persistencia (eficacia tras la aplicaci\u00f3n) de hasta 5 a\u00f1os seg\u00fan la exposici\u00f3n de los materiales.<\/p>\n\n\n\n<p><span style=\"text-decoration: underline;\">Nota<\/span>: es normal observar variaciones de color en los soportes tratados al d\u00eda siguiente o pocos d\u00edas despu\u00e9s de la aplicaci\u00f3n. Estas desaparecer\u00e1n de forma natural con las pr\u00f3ximas lluvias.<\/p>\n\n\n\n<h3 class=\"wp-block-heading is-style-third_title has-main-color-color has-text-color has-link-color wp-elements-c616576fd1f2922e0be4d5fffd027ded\" style=\"padding-top:var(--wp--preset--spacing--60);padding-bottom:var(--wp--preset--spacing--60)\">Composici\u00f3n<\/h3>\n\n\n\n<p>Nuestros productos de tratamiento Algimouss PRO como Algimouss, Algimix, Algidal y Algimacadam est\u00e1n formulados a base de biocidas. Estas sustancias activas permiten un ataque en profundidad a los diferentes microorganismos presentes en los materiales del hogar.<\/p>\n\n\n\n<p>Un biocida puede actuar sobre varios tipos de microorganismos: los alguicidas combaten especialmente las algas, mientras que los fungicidas est\u00e1n destinados a eliminar hongos y l\u00edquenes. Nuestros productos de tratamiento ALGIMOUSS son tanto alguicidas como fungicidas.<\/p>\n\n\n\n<p>Los tensioactivos son mol\u00e9culas que presentan una parte lip\u00f3fila (que atrae a las grasas) vinculada a una parte hidr\u00f3fila (que atrae al agua).Act\u00faan en sinergia con los biocidas para proporcionar una mejor extensi\u00f3n sobre las superficies y, por lo tanto, una mejor mojabilidad del soporte. La asimilaci\u00f3n de los principios activos por los microorganismos es m\u00e1s r\u00e1pida para un efecto curativo acelerado y prolongado.<\/p>\n\n\n\n<p>Todos nuestros productos de tratamiento est\u00e1n formulados en fase acuosa (= en agua), reduciendo as\u00ed su impacto ambiental.<\/p>\n\n\n\n<p>Las formulaciones de la gama se basan en mol\u00e9culas seleccionadas para reducir el impacto ambiental. Sin embargo, no hay que olvidar que son productos qu\u00edmicos que pueden tener repercusiones menores en el medio ambiente. Los productos de tratamiento siguen siendo t\u00f3xicos para el medio acu\u00e1tico, por ejemplo. En el caso de la recuperaci\u00f3n de aguas pluviales, es imprescindible realizar una derivaci\u00f3n durante las dos o tres lluvias posteriores a la aplicaci\u00f3n.<\/p>\n\n\n\n<p style=\"padding-bottom:var(--wp--preset--spacing--80)\"><\/p>\n","protected":false},"excerpt":{"rendered":"<p>Algunas explicaciones sobre la normativa de biocidas y los t\u00e9rminos antimusgo, alguicida y fungicida.<\/p>\n","protected":false},"author":2,"featured_media":51815,"parent":0,"menu_order":87,"comment_status":"closed","ping_status":"closed","template":"","meta":{"_acf_changed":false,"footnotes":""},"categories":[],"tags":[],"class_list":["post-52817","page","type-page","status-publish","has-post-thumbnail","hentry"],"acf":[],"_links":{"self":[{"href":"https:\/\/algimouss.com\/es\/wp-json\/wp\/v2\/pages\/52817","targetHints":{"allow":["GET"]}}],"collection":[{"href":"https:\/\/algimouss.com\/es\/wp-json\/wp\/v2\/pages"}],"about":[{"href":"https:\/\/algimouss.com\/es\/wp-json\/wp\/v2\/types\/page"}],"author":[{"embeddable":true,"href":"https:\/\/algimouss.com\/es\/wp-json\/wp\/v2\/users\/2"}],"replies":[{"embeddable":true,"href":"https:\/\/algimouss.com\/es\/wp-json\/wp\/v2\/comments?post=52817"}],"version-history":[{"count":6,"href":"https:\/\/algimouss.com\/es\/wp-json\/wp\/v2\/pages\/52817\/revisions"}],"predecessor-version":[{"id":53177,"href":"https:\/\/algimouss.com\/es\/wp-json\/wp\/v2\/pages\/52817\/revisions\/53177"}],"wp:featuredmedia":[{"embeddable":true,"href":"https:\/\/algimouss.com\/es\/wp-json\/wp\/v2\/media\/51815"}],"wp:attachment":[{"href":"https:\/\/algimouss.com\/es\/wp-json\/wp\/v2\/media?parent=52817"}],"wp:term":[{"taxonomy":"category","embeddable":true,"href":"https:\/\/algimouss.com\/es\/wp-json\/wp\/v2\/categories?post=52817"},{"taxonomy":"post_tag","embeddable":true,"href":"https:\/\/algimouss.com\/es\/wp-json\/wp\/v2\/tags?post=52817"}],"curies":[{"name":"wp","href":"https:\/\/api.w.org\/{rel}","templated":true}]}}