{"id":52811,"date":"2024-04-03T15:16:41","date_gmt":"2024-04-03T13:16:41","guid":{"rendered":"https:\/\/algimouss.com\/le-reglement-reach\/"},"modified":"2026-01-13T10:16:16","modified_gmt":"2026-01-13T09:16:16","slug":"el-reglamento-reach","status":"publish","type":"page","link":"https:\/\/algimouss.com\/es\/el-reglamento-reach\/","title":{"rendered":"El reglamento REACH"},"content":{"rendered":"\n<div class=\"wp-block-cover alignfull is-light\" style=\"min-height:350px;aspect-ratio:unset;\"><img loading=\"lazy\" decoding=\"async\" width=\"1500\" height=\"1000\" class=\"wp-block-cover__image-background wp-image-39304\" alt=\"\" src=\"https:\/\/algimouss.com\/wp-content\/uploads\/algimouss-2150196648.jpg\" style=\"object-position:99% 0%\" data-object-fit=\"cover\" data-object-position=\"99% 0%\" srcset=\"https:\/\/algimouss.com\/wp-content\/uploads\/algimouss-2150196648.jpg 1500w, https:\/\/algimouss.com\/wp-content\/uploads\/algimouss-2150196648-300x200.jpg 300w, https:\/\/algimouss.com\/wp-content\/uploads\/algimouss-2150196648-768x512.jpg 768w, https:\/\/algimouss.com\/wp-content\/uploads\/algimouss-2150196648-1024x683.jpg 1024w, https:\/\/algimouss.com\/wp-content\/uploads\/algimouss-2150196648-80x53.jpg 80w, https:\/\/algimouss.com\/wp-content\/uploads\/algimouss-2150196648-180x120.jpg 180w, https:\/\/algimouss.com\/wp-content\/uploads\/algimouss-2150196648-450x300.jpg 450w, https:\/\/algimouss.com\/wp-content\/uploads\/algimouss-2150196648-120x80.jpg 120w\" sizes=\"auto, (max-width: 1500px) 100vw, 1500px\" \/><span aria-hidden=\"true\" class=\"wp-block-cover__background has-white-background-color has-background-dim-70 has-background-dim\"><\/span><div class=\"wp-block-cover__inner-container is-layout-flow wp-block-cover-is-layout-flow\">\n<h1 class=\"wp-block-heading has-text-align-center is-style-main_title has-main-color-color has-text-color\">El reglamento REACH<\/h1>\n<\/div><\/div>\n\n\n\n<h2 class=\"wp-block-heading is-style-snd_title\" style=\"padding-top:var(--wp--preset--spacing--70);padding-bottom:var(--wp--preset--spacing--60)\">\u00bfQu\u00e9 es el reglamento REACH?<\/h2>\n\n\n\n<div class=\"wp-block-columns is-layout-flex wp-container-core-columns-is-layout-8b288d98 wp-block-columns-is-layout-flex\" style=\"padding-top:0\">\n<div class=\"wp-block-column is-layout-flow wp-block-column-is-layout-flow\" style=\"padding-top:0;padding-bottom:0\">\n<p>REACH (Registro, Evaluaci\u00f3n, Autorizaci\u00f3n y Restricci\u00f3n de Sustancias Qu\u00edmicas) es un reglamento europeo que entr\u00f3 en vigor el 1 de junio de 2007 con el objetivo de racionalizar y mejorar el antiguo marco legislativo de la Uni\u00f3n Europea (UE) en materia de sustancias qu\u00edmicas.<\/p>\n\n\n\n<p>Se trata de un reglamento que permite identificar, evaluar y controlar las sustancias qu\u00edmicas fabricadas, importadas y comercializadas en el mercado europeo. Todos los fabricantes e importadores de sustancias qu\u00edmicas est\u00e1n obligados a identificar y gestionar los riesgos asociados a las sustancias que fabrican y comercializan.<\/p>\n<\/div>\n\n\n\n<div class=\"wp-block-column is-layout-flow wp-block-column-is-layout-flow\">\n<figure class=\"wp-block-image size-full is-resized\"><img loading=\"lazy\" decoding=\"async\" width=\"300\" height=\"242\" src=\"https:\/\/algimouss.com\/wp-content\/uploads\/algimouss-reach_compliant_logo.jpg\" alt=\"\" class=\"wp-image-39526\" style=\"width:296px;height:auto\" srcset=\"https:\/\/algimouss.com\/wp-content\/uploads\/algimouss-reach_compliant_logo.jpg 300w, https:\/\/algimouss.com\/wp-content\/uploads\/algimouss-reach_compliant_logo-80x65.jpg 80w, https:\/\/algimouss.com\/wp-content\/uploads\/algimouss-reach_compliant_logo-180x145.jpg 180w, https:\/\/algimouss.com\/wp-content\/uploads\/algimouss-reach_compliant_logo-120x97.jpg 120w, https:\/\/algimouss.com\/wp-content\/uploads\/algimouss-reach_compliant_logo-250x202.jpg 250w\" sizes=\"auto, (max-width: 300px) 100vw, 300px\" \/><\/figure>\n<\/div>\n<\/div>\n\n\n\n<h2 class=\"wp-block-heading has-text-align-left is-style-snd_title\" style=\"padding-top:var(--wp--preset--spacing--60);padding-bottom:var(--wp--preset--spacing--60)\">\u00bfCu\u00e1les son los objetivos del reglamento REACH?<\/h2>\n\n\n\n<p>Los objetivos del reglamento REACH son los siguientes:<\/p>\n\n\n\n<ul class=\"wp-block-list\">\n<li>Proteger mejor la salud humana y el medio ambiente frente a los riesgos que pueden presentar las sustancias qu\u00edmicas<\/li>\n\n\n\n<li>Reforzar la competitividad de la industria qu\u00edmica europea, que constituye un sector clave de la econom\u00eda de la UE<\/li>\n\n\n\n<li>Promover m\u00e9todos alternativos de evaluaci\u00f3n de los peligros de las sustancias<\/li>\n\n\n\n<li>Garantizar la libre circulaci\u00f3n de las sustancias en el mercado interior de la Uni\u00f3n Europea<\/li>\n<\/ul>\n\n\n\n<h2 class=\"wp-block-heading has-text-align-left is-style-snd_title\" style=\"padding-top:var(--wp--preset--spacing--60);padding-bottom:var(--wp--preset--spacing--60)\">Las obligaciones de los usuarios<\/h2>\n\n\n\n<ul class=\"wp-block-list\">\n<li>Seguir atentamente las fases de preinscripci\u00f3n, registro y autorizaci\u00f3n<\/li>\n\n\n\n<li>Aplicaci\u00f3n de las medidas de gesti\u00f3n de riesgos recomendadas por el proveedor<\/li>\n\n\n\n<li>Transmisi\u00f3n de la informaci\u00f3n sobre las sustancias, tal cual o contenidas en preparaciones, a lo largo de la cadena de suministro, tanto aguas arriba como aguas abajo<\/li>\n\n\n\n<li>Comunicaci\u00f3n del uso (uso identificado) a su proveedor para que pueda ser tenido en cuenta en el expediente t\u00e9cnico y en el informe de seguridad qu\u00edmica<\/li>\n\n\n\n<li>Comunicaci\u00f3n del uso de una sustancia o de una preparaci\u00f3n dentro de la cadena de suministro (medidas de gesti\u00f3n de riesgos no adecuadas, nueva informaci\u00f3n relativa a los peligros de la sustancia o preparaci\u00f3n, etc.)<\/li>\n\n\n\n<li>Uso de la sustancia conforme a las condiciones de la autorizaci\u00f3n. Para las sustancias sujetas a autorizaci\u00f3n (informaci\u00f3n indicada en la FDS). Si el uso no est\u00e1 cubierto por la autorizaci\u00f3n, el usuario deber\u00e1 presentar una solicitud de autorizaci\u00f3n para su propio uso y el de sus clientes<\/li>\n<\/ul>\n\n\n\n<h2 class=\"wp-block-heading has-text-align-left is-style-snd_title\" style=\"padding-top:var(--wp--preset--spacing--60);padding-bottom:var(--wp--preset--spacing--60)\">Las obligaciones de los distribuidores<\/h2>\n\n\n\n<ul class=\"wp-block-list\">\n<li>Aplicaci\u00f3n de las medidas de gesti\u00f3n de riesgos recomendadas por el proveedor en relaci\u00f3n con el transporte y el almacenamiento<\/li>\n\n\n\n<li>Transmisi\u00f3n de la informaci\u00f3n sobre las sustancias, tal cual o contenidas en preparaciones, a lo largo de la cadena de suministro (de los proveedores a sus clientes; de los clientes a sus proveedores)<\/li>\n<\/ul>\n\n\n\n<h2 class=\"wp-block-heading has-text-align-left is-style-snd_title\" style=\"padding-top:var(--wp--preset--spacing--60);padding-bottom:var(--wp--preset--spacing--60)\">Algimouss frente a REACH<\/h2>\n\n\n\n<p>Algimouss <strong>se compromete a cumplir con los requisitos de REACH<\/strong> como usuario intermedio. Informamos a nuestros clientes sobre el reglamento REACH relativo a los productos que utilizamos. Las materias primas que utilizamos y que requieren registro han sido o ser\u00e1n objeto de una preinscripci\u00f3n por parte de nuestros proveedores, garantizando as\u00ed su disponibilidad.<\/p>\n\n\n\n<p>Algimouss se encuentra <strong>en una posici\u00f3n favorable tanto en la compra de materias primas como en los procesos de formulaci\u00f3n.<\/strong>\u00a0Esto se ve ampliamente respaldado <strong>por el uso de determinadas materias renovables basadas en aceites y grasas naturales<\/strong>.<\/p>\n\n\n\n<p style=\"padding-bottom:var(--wp--preset--spacing--60)\">De este modo, tambi\u00e9n se encuentran en una posici\u00f3n favorable como usuarios y distribuidores de nuestras formulaciones. Siempre hemos trabajado para garantizar la calidad, el respeto por el medio ambiente y la seguridad de nuestros productos. Por lo tanto, REACH se inscribe en la continuidad de la estrategia desarrollada por Algimouss.<\/p>\n\n\n\n<div class=\"wp-block-buttons is-content-justification-center is-layout-flex wp-container-core-buttons-is-layout-16018d1d wp-block-buttons-is-layout-flex\">\n<div class=\"wp-block-button\"><a class=\"wp-block-button__link wp-element-button\" href=\"https:\/\/echa.europa.eu\/fr\/regulations\/reach\/understanding-reach\" target=\"_blank\" rel=\"noopener\">M\u00e1s informaci\u00f3n<\/a><\/div>\n<\/div>\n\n\n\n<p style=\"padding-bottom:var(--wp--preset--spacing--80)\"><\/p>\n","protected":false},"excerpt":{"rendered":"<p>\u00bfQu\u00e9 es el reglamento REACH? (Registration, Evaluation, Authorisation and Restriction of Chemicals) <\/p>\n","protected":false},"author":2,"featured_media":51714,"parent":0,"menu_order":86,"comment_status":"closed","ping_status":"closed","template":"","meta":{"_acf_changed":false,"footnotes":""},"categories":[],"tags":[],"class_list":["post-52811","page","type-page","status-publish","has-post-thumbnail","hentry"],"acf":[],"_links":{"self":[{"href":"https:\/\/algimouss.com\/es\/wp-json\/wp\/v2\/pages\/52811","targetHints":{"allow":["GET"]}}],"collection":[{"href":"https:\/\/algimouss.com\/es\/wp-json\/wp\/v2\/pages"}],"about":[{"href":"https:\/\/algimouss.com\/es\/wp-json\/wp\/v2\/types\/page"}],"author":[{"embeddable":true,"href":"https:\/\/algimouss.com\/es\/wp-json\/wp\/v2\/users\/2"}],"replies":[{"embeddable":true,"href":"https:\/\/algimouss.com\/es\/wp-json\/wp\/v2\/comments?post=52811"}],"version-history":[{"count":3,"href":"https:\/\/algimouss.com\/es\/wp-json\/wp\/v2\/pages\/52811\/revisions"}],"predecessor-version":[{"id":53176,"href":"https:\/\/algimouss.com\/es\/wp-json\/wp\/v2\/pages\/52811\/revisions\/53176"}],"wp:featuredmedia":[{"embeddable":true,"href":"https:\/\/algimouss.com\/es\/wp-json\/wp\/v2\/media\/51714"}],"wp:attachment":[{"href":"https:\/\/algimouss.com\/es\/wp-json\/wp\/v2\/media?parent=52811"}],"wp:term":[{"taxonomy":"category","embeddable":true,"href":"https:\/\/algimouss.com\/es\/wp-json\/wp\/v2\/categories?post=52811"},{"taxonomy":"post_tag","embeddable":true,"href":"https:\/\/algimouss.com\/es\/wp-json\/wp\/v2\/tags?post=52811"}],"curies":[{"name":"wp","href":"https:\/\/api.w.org\/{rel}","templated":true}]}}