{"id":52708,"date":"2024-03-29T15:52:12","date_gmt":"2024-03-29T14:52:12","guid":{"rendered":"https:\/\/algimouss.com\/devenir-distributeur\/"},"modified":"2026-01-13T10:14:14","modified_gmt":"2026-01-13T09:14:14","slug":"convertirse-en-distribuidor","status":"publish","type":"page","link":"https:\/\/algimouss.com\/es\/convertirse-en-distribuidor\/","title":{"rendered":"Convertirse en distribuidor"},"content":{"rendered":"\n<div class=\"wp-block-cover alignfull is-light\" style=\"min-height:350px;aspect-ratio:unset;\"><img loading=\"lazy\" decoding=\"async\" width=\"2560\" height=\"1707\" class=\"wp-block-cover__image-background wp-image-29058\" alt=\"\" src=\"https:\/\/algimouss.com\/wp-content\/uploads\/algimouss-specialiste-protection-scaled.jpeg\" data-object-fit=\"cover\"\/><span aria-hidden=\"true\" class=\"wp-block-cover__background has-white-background-color has-background-dim-70 has-background-dim\"><\/span><div class=\"wp-block-cover__inner-container is-layout-flow wp-block-cover-is-layout-flow\">\n<h1 class=\"wp-block-heading has-text-align-center is-style-main_title has-main-color-color has-text-color\"><strong>Convertirse en distribuidor<\/strong><\/h1>\n<\/div><\/div>\n\n\n\n<div class=\"wp-block-group alignfull is-style-no_deco\" style=\"padding-top:var(--wp--preset--spacing--70);padding-right:0px;padding-bottom:var(--wp--preset--spacing--70);padding-left:0px\"><div class=\"wp-block-group__inner-container is-layout-constrained wp-container-core-group-is-layout-9d97183c wp-block-group-is-layout-constrained\">\n<div class=\"wp-block-columns alignwide is-style-third_deco form1 is-layout-flex wp-container-core-columns-is-layout-29ddea0f wp-block-columns-is-layout-flex\" style=\"padding-top:80px;padding-bottom:80px\">\n<div class=\"wp-block-column is-layout-flow wp-block-column-is-layout-flow\" style=\"flex-basis:100%\">\n<h2 class=\"wp-block-heading has-text-align-center is-style-snd_title has-main-color-color has-text-color has-link-color wp-elements-7aa90cb1fd86c8272fbe083188386135\"><strong>Formulario de solicitud<\/strong><\/h2>\n\n\n\n<hr class=\"wp-block-separator has-text-color has-snd-color-color has-alpha-channel-opacity has-snd-color-background-color has-background is-style-separator_paint is-style-short-thick\"\/>\n\n\n\n<div style=\"height:10px\" aria-hidden=\"true\" class=\"wp-block-spacer\"><\/div>\n\n\n\n<form class=\"wp-block-starter-form\" id=\"form-01d51c10-38fc-44d6-a904-94da0e7de4ed\" onsubmit=\"return false\"><div id=\"captcha-form-01d51c10-38fc-44d6-a904-94da0e7de4ed\"><\/div><input type=\"hidden\" name=\"action\" value=\"form_save\"\/><input type=\"hidden\" name=\"clientID\" value=\"01d51c10-38fc-44d6-a904-94da0e7de4ed\"\/><input type=\"hidden\" name=\"pageID\" value=\"52708\"\/><input type=\"hidden\" name=\"formID\" value=\"form-01d51c10-38fc-44d6-a904-94da0e7de4ed\"\/><input type=\"hidden\" name=\"form_title\" value=\"Devenir distributeur\"\/><p>* Champs obligatoire<\/p><div class=\"wp-block-starter-form\">\n<div class=\"wp-block-starter-input has-custom-width wp-block-input__width-50\"><label for=\"text-c5e1cc01-abec-455d-976e-759f4b30f631\">E<strong>mpresa<\/strong><\/label><span class=\"required\">*<\/span><input id=\"text-c5e1cc01-abec-455d-976e-759f4b30f631\" type=\"text\" name=\"E<strong&gt;mpresa<\/strong&gt;\" value=\"\" required\/><\/div>\n\n\n\n<div class=\"wp-block-starter-input has-custom-width wp-block-input__width-50\"><label for=\"text-f887baa3-8f95-4e56-8d95-147173d57bb8\"><strong>Apellido<\/strong><\/label><span class=\"required\">*<\/span><input id=\"text-f887baa3-8f95-4e56-8d95-147173d57bb8\" type=\"text\" name=\"<strong&gt;Apellido<\/strong&gt;\" value=\"\" required\/><\/div>\n\n\n\n<div class=\"wp-block-starter-input has-custom-width wp-block-input__width-50\"><label for=\"text-f85efb26-05ba-4c8d-a7f2-70221d625701\"><strong>Nombre<\/strong><\/label><span class=\"required\">*<\/span><input id=\"text-f85efb26-05ba-4c8d-a7f2-70221d625701\" type=\"text\" name=\"<strong&gt;Nombre<\/strong&gt;\" value=\"\" required\/><\/div>\n\n\n\n<div class=\"wp-block-starter-input has-custom-width wp-block-input__width-50\"><label for=\"tel-f7c9f38c-7f51-4ada-a32a-c3c53fbc1851\"><strong>Tel\u00e9fono<\/strong><\/label><span class=\"required\">*<\/span><input id=\"tel-f7c9f38c-7f51-4ada-a32a-c3c53fbc1851\" type=\"tel\" name=\"<strong&gt;Tel\u00e9fono<\/strong&gt;\" value=\"\" required\/><\/div>\n\n\n\n<div class=\"wp-block-starter-input has-custom-width wp-block-input__width-50\"><label for=\"text-e6237a58-e0e9-427f-b8b5-76258d52490e\"><strong>Correo electr\u00f3nico<\/strong><\/label><span class=\"required\">*<\/span><input id=\"text-e6237a58-e0e9-427f-b8b5-76258d52490e\" type=\"text\" name=\"<strong&gt;Correo electr\u00f3nico<\/strong&gt;\" value=\"\" required\/><\/div>\n\n\n\n<div class=\"wp-block-starter-input has-custom-width wp-block-input__width-100\"><label for=\"textarea-a7cfa3af-85df-4ac0-95c9-9293d2937d21\"><strong>Objeto de la solicitud<\/strong> :<\/label><textarea id=\"textarea-a7cfa3af-85df-4ac0-95c9-9293d2937d21\" name=\"<strong&gt;Objeto de la solicitud<\/strong&gt; :\"><\/textarea><\/div>\n<\/div><div class=\"wp-block-starter-form-consentement-rgpd\"><input type=\"checkbox\" name=\"rgpd-01d51c10-38fc-44d6-a904-94da0e7de4ed\" id=\"rgpd-form-01d51c10-38fc-44d6-a904-94da0e7de4ed\" required\/><svg width=\"23\" height=\"23\" viewBox=\"0 0 23 23\" fill=\"none\" xmlns=\"http:\/\/www.w3.org\/2000\/svg\"><rect x=\"1\" y=\"1.17969\" width=\"21\" height=\"21\" rx=\"2.5\" fill=\"white\" stroke=\"#414B5A\"><\/rect><rect x=\"5.5\" y=\"5.67969\" width=\"12\" height=\"12\" rx=\"2\" fill=\"#414B5A\"><\/rect><\/svg><label for=\"rgpd-form-01d51c10-38fc-44d6-a904-94da0e7de4ed\" id=\"label-01d51c10-38fc-44d6-a904-94da0e7de4ed\" class=\"checking\">En soumettant ce formulaire, j&#8217;accepte que les informations saisies dans ce formulaire soient exploit\u00e9es dans le cadre de la relation commerciale qui d\u00e9coule de cette demande. *<\/label><\/div><input id=\"submit-form-01d51c10-38fc-44d6-a904-94da0e7de4ed\" type=\"submit\" class=\"wp-block-button__link\"\/><div id=\"done-form-01d51c10-38fc-44d6-a904-94da0e7de4ed\" class=\"done-form d-none\">Votre message a bien \u00e9t\u00e9 envoy\u00e9<\/div><div id=\"fail-form-01d51c10-38fc-44d6-a904-94da0e7de4ed\" class=\"fail-form d-none\">Une erreur est survenue, veuillez r\u00e9essayer.<\/div><\/form>\n<\/div>\n<\/div>\n<\/div><\/div>\n","protected":false},"excerpt":{"rendered":"<p>Convi\u00e9rtase en distribuidor y ofrezca los productos Algimouss a sus clientes.<\/p>\n","protected":false},"author":4,"featured_media":51818,"parent":0,"menu_order":78,"comment_status":"closed","ping_status":"closed","template":"","meta":{"_acf_changed":false,"footnotes":""},"categories":[],"tags":[],"class_list":["post-52708","page","type-page","status-publish","has-post-thumbnail","hentry"],"acf":[],"_links":{"self":[{"href":"https:\/\/algimouss.com\/es\/wp-json\/wp\/v2\/pages\/52708","targetHints":{"allow":["GET"]}}],"collection":[{"href":"https:\/\/algimouss.com\/es\/wp-json\/wp\/v2\/pages"}],"about":[{"href":"https:\/\/algimouss.com\/es\/wp-json\/wp\/v2\/types\/page"}],"author":[{"embeddable":true,"href":"https:\/\/algimouss.com\/es\/wp-json\/wp\/v2\/users\/4"}],"replies":[{"embeddable":true,"href":"https:\/\/algimouss.com\/es\/wp-json\/wp\/v2\/comments?post=52708"}],"version-history":[{"count":5,"href":"https:\/\/algimouss.com\/es\/wp-json\/wp\/v2\/pages\/52708\/revisions"}],"predecessor-version":[{"id":53174,"href":"https:\/\/algimouss.com\/es\/wp-json\/wp\/v2\/pages\/52708\/revisions\/53174"}],"wp:featuredmedia":[{"embeddable":true,"href":"https:\/\/algimouss.com\/es\/wp-json\/wp\/v2\/media\/51818"}],"wp:attachment":[{"href":"https:\/\/algimouss.com\/es\/wp-json\/wp\/v2\/media?parent=52708"}],"wp:term":[{"taxonomy":"category","embeddable":true,"href":"https:\/\/algimouss.com\/es\/wp-json\/wp\/v2\/categories?post=52708"},{"taxonomy":"post_tag","embeddable":true,"href":"https:\/\/algimouss.com\/es\/wp-json\/wp\/v2\/tags?post=52708"}],"curies":[{"name":"wp","href":"https:\/\/api.w.org\/{rel}","templated":true}]}}