{"id":52429,"date":"2024-01-18T11:25:56","date_gmt":"2024-01-18T10:25:56","guid":{"rendered":"https:\/\/algimouss.com\/gamme-algivert\/"},"modified":"2026-01-13T14:16:34","modified_gmt":"2026-01-13T13:16:34","slug":"gama-algivert","status":"publish","type":"page","link":"https:\/\/algimouss.com\/es\/gama-algivert\/","title":{"rendered":"Algi-vert"},"content":{"rendered":"<p>La gamme Algi-Vert propose une vari\u00e9t\u00e9 de produits innovants con\u00e7us pour nettoyer les noirs de pollution et les traces de graisses, pour \u00e9liminer et pr\u00e9venir la croissance ind\u00e9sirable des micro-organismes (d\u00e9p\u00f4ts verts, algues, lichens, moisissures\u2026), sur diff\u00e9rentes surfaces ext\u00e9rieures telles que les toits, les murs, les terrasses, les cl\u00f4tures, les all\u00e9es et bien plus encore.<\/p>\n<p>Chaque produit de la gamme Algi-Vert est d\u00e9velopp\u00e9 en s\u00e9lectionnant un maximum de mati\u00e8res premi\u00e8res d\u2019origine naturelle, garantissant ainsi des r\u00e9sultats efficaces sans compromettre la s\u00e9curit\u00e9 des utilisateurs ni l\u2019int\u00e9grit\u00e9 des surfaces trait\u00e9es.<\/p>\n<p>En mettant l\u2019accent sur une composition plus verte, la gamme Algi-Vert offre des solutions de nettoyage, de traitement et de protection efficaces tout en minimisant l\u2019impact sur l\u2019environnement gr\u00e2ce \u00e0 :<br \/>\n\u25aa Des ingr\u00e9dients d\u2019origine naturelle<br \/>\n\u25aa L\u2019absence de substances nocives pour l\u2019utilisateur<\/p>\n<p>Notre engagement ne se limite pas seulement \u00e0 la composition des produits Algi-Vert. Plusieurs initiatives sont mises en \u0153uvre :<br \/>\n\u25aa Recherche et d\u00e9veloppement durables : En collaboration avec nos fournisseurs de mati\u00e8res premi\u00e8res, nous nous effor\u00e7ons continuellement d\u2019am\u00e9liorer nos formulations en testant de nouvelles mol\u00e9cules issues de la chimie verte (sans chlore et sans solvant).<br \/>\n\u25aa Sensibilisation \u00e0 l\u2019environnement : Nous encourageons l\u2019adoption de pratiques durables dans l\u2019entretien des surfaces ext\u00e9rieures en utilisant la juste dose en fonction du taux d\u2019encrassement, en recyclant les d\u00e9chets, en limitant et r\u00e9utilisant les emballages.<\/p>\n<p>Cette approche globale t\u00e9moigne de notre engagement \u00e0 contribuer \u00e0 la protection de l\u2019environnement tout en offrant des solutions de qualit\u00e9 \u00e0 nos clients.<\/p>\n","protected":false},"excerpt":{"rendered":"<p>La gama Algi-Vert ofrece una variedad de productos innovadores dise\u00f1ados para limpiar la suciedad negra de la contaminaci\u00f3n, eliminar los dep\u00f3sitos verdes y prevenir su reaparici\u00f3n.<\/p>\n","protected":false},"author":1,"featured_media":51781,"parent":0,"menu_order":16,"comment_status":"closed","ping_status":"closed","template":"template-produits.php","meta":{"_acf_changed":false,"footnotes":""},"categories":[],"tags":[],"class_list":["post-52429","page","type-page","status-publish","has-post-thumbnail","hentry"],"acf":[],"_links":{"self":[{"href":"https:\/\/algimouss.com\/es\/wp-json\/wp\/v2\/pages\/52429","targetHints":{"allow":["GET"]}}],"collection":[{"href":"https:\/\/algimouss.com\/es\/wp-json\/wp\/v2\/pages"}],"about":[{"href":"https:\/\/algimouss.com\/es\/wp-json\/wp\/v2\/types\/page"}],"author":[{"embeddable":true,"href":"https:\/\/algimouss.com\/es\/wp-json\/wp\/v2\/users\/1"}],"replies":[{"embeddable":true,"href":"https:\/\/algimouss.com\/es\/wp-json\/wp\/v2\/comments?post=52429"}],"version-history":[{"count":2,"href":"https:\/\/algimouss.com\/es\/wp-json\/wp\/v2\/pages\/52429\/revisions"}],"predecessor-version":[{"id":53196,"href":"https:\/\/algimouss.com\/es\/wp-json\/wp\/v2\/pages\/52429\/revisions\/53196"}],"wp:featuredmedia":[{"embeddable":true,"href":"https:\/\/algimouss.com\/es\/wp-json\/wp\/v2\/media\/51781"}],"wp:attachment":[{"href":"https:\/\/algimouss.com\/es\/wp-json\/wp\/v2\/media?parent=52429"}],"wp:term":[{"taxonomy":"category","embeddable":true,"href":"https:\/\/algimouss.com\/es\/wp-json\/wp\/v2\/categories?post=52429"},{"taxonomy":"post_tag","embeddable":true,"href":"https:\/\/algimouss.com\/es\/wp-json\/wp\/v2\/tags?post=52429"}],"curies":[{"name":"wp","href":"https:\/\/api.w.org\/{rel}","templated":true}]}}