{"id":52046,"date":"2024-02-07T14:49:09","date_gmt":"2024-02-07T13:49:09","guid":{"rendered":"https:\/\/algimouss.com\/je-suis-applicateur\/"},"modified":"2026-01-13T14:48:56","modified_gmt":"2026-01-13T13:48:56","slug":"soy-aplicador-autorizado","status":"publish","type":"page","link":"https:\/\/algimouss.com\/es\/soy-aplicador-autorizado\/","title":{"rendered":"Soy un aplicador autorizado Algimouss"},"content":{"rendered":"","protected":false},"excerpt":{"rendered":"<p>Solicite y obtenga consejos t\u00e9cnicos, formaci\u00f3n sobre productos y tambi\u00e9n acompa\u00f1amiento en obra.<\/p>\n","protected":false},"author":1,"featured_media":51710,"parent":0,"menu_order":74,"comment_status":"closed","ping_status":"closed","template":"template-etre-applicateur.php","meta":{"_acf_changed":false,"footnotes":""},"categories":[],"tags":[],"class_list":["post-52046","page","type-page","status-publish","has-post-thumbnail","hentry"],"acf":[],"_links":{"self":[{"href":"https:\/\/algimouss.com\/es\/wp-json\/wp\/v2\/pages\/52046","targetHints":{"allow":["GET"]}}],"collection":[{"href":"https:\/\/algimouss.com\/es\/wp-json\/wp\/v2\/pages"}],"about":[{"href":"https:\/\/algimouss.com\/es\/wp-json\/wp\/v2\/types\/page"}],"author":[{"embeddable":true,"href":"https:\/\/algimouss.com\/es\/wp-json\/wp\/v2\/users\/1"}],"replies":[{"embeddable":true,"href":"https:\/\/algimouss.com\/es\/wp-json\/wp\/v2\/comments?post=52046"}],"version-history":[{"count":6,"href":"https:\/\/algimouss.com\/es\/wp-json\/wp\/v2\/pages\/52046\/revisions"}],"predecessor-version":[{"id":53217,"href":"https:\/\/algimouss.com\/es\/wp-json\/wp\/v2\/pages\/52046\/revisions\/53217"}],"wp:featuredmedia":[{"embeddable":true,"href":"https:\/\/algimouss.com\/es\/wp-json\/wp\/v2\/media\/51710"}],"wp:attachment":[{"href":"https:\/\/algimouss.com\/es\/wp-json\/wp\/v2\/media?parent=52046"}],"wp:term":[{"taxonomy":"category","embeddable":true,"href":"https:\/\/algimouss.com\/es\/wp-json\/wp\/v2\/categories?post=52046"},{"taxonomy":"post_tag","embeddable":true,"href":"https:\/\/algimouss.com\/es\/wp-json\/wp\/v2\/tags?post=52046"}],"curies":[{"name":"wp","href":"https:\/\/api.w.org\/{rel}","templated":true}]}}