{"id":51999,"date":"2025-05-23T15:25:57","date_gmt":"2025-05-23T13:25:57","guid":{"rendered":"https:\/\/algimouss.com\/recyclage-bidon-plastique\/"},"modified":"2026-01-13T09:41:46","modified_gmt":"2026-01-13T08:41:46","slug":"recyclage-bidon-plastique","status":"publish","type":"page","link":"https:\/\/algimouss.com\/es\/recyclage-bidon-plastique\/","title":{"rendered":"Reciclaje de los bidones Algimouss"},"content":{"rendered":"\n<div style=\"height:61px\" aria-hidden=\"true\" class=\"wp-block-spacer\"><\/div>\n\n\n\n<div class=\"wp-block-cover alignfull\" style=\"min-height:350px;aspect-ratio:unset;\"><img loading=\"lazy\" decoding=\"async\" width=\"1024\" height=\"737\" class=\"wp-block-cover__image-background wp-image-46357\" alt=\"\" src=\"https:\/\/algimouss.com\/wp-content\/uploads\/algimouss-u30-1024x737.jpg\" data-object-fit=\"cover\" srcset=\"https:\/\/algimouss.com\/wp-content\/uploads\/algimouss-u30-1024x737.jpg 1024w, https:\/\/algimouss.com\/wp-content\/uploads\/algimouss-u30-300x216.jpg 300w, https:\/\/algimouss.com\/wp-content\/uploads\/algimouss-u30-768x553.jpg 768w, https:\/\/algimouss.com\/wp-content\/uploads\/algimouss-u30-1536x1106.jpg 1536w, https:\/\/algimouss.com\/wp-content\/uploads\/algimouss-u30-2048x1475.jpg 2048w, https:\/\/algimouss.com\/wp-content\/uploads\/algimouss-u30-80x58.jpg 80w, https:\/\/algimouss.com\/wp-content\/uploads\/algimouss-u30-180x130.jpg 180w, https:\/\/algimouss.com\/wp-content\/uploads\/algimouss-u30-450x324.jpg 450w, https:\/\/algimouss.com\/wp-content\/uploads\/algimouss-u30-120x86.jpg 120w\" sizes=\"auto, (max-width: 1024px) 100vw, 1024px\" \/><span aria-hidden=\"true\" class=\"wp-block-cover__background has-background-dim-30 has-background-dim\"><\/span><div class=\"wp-block-cover__inner-container is-layout-flow wp-block-cover-is-layout-flow\">\n<h1 class=\"wp-block-heading alignfull has-text-align-center\"><strong>Reciclaje de los bidones Algimouss<\/strong><\/h1>\n<\/div><\/div>\n\n\n\n<div class=\"wp-block-columns alignwide is-layout-flex wp-container-core-columns-is-layout-9d6595d7 wp-block-columns-is-layout-flex\">\n<div class=\"wp-block-column is-layout-flow wp-block-column-is-layout-flow\">\n<p style=\"padding-top:var(--wp--preset--spacing--70);padding-bottom:0\">En el marco de <a href=\"\/es\/?page_id=51967\">nuestros compromisos de RSE<\/a>, trabajamos para hacer que nuestra oferta sea m\u00e1s sostenible, tanto en el fondo (la formulaci\u00f3n de nuestros productos) como en la forma (su envasado).<\/p>\n\n\n\n<p>Conscientes del impacto ambiental de los envases al final de su vida \u00fatil, nos inscribimos en un enfoque de econom\u00eda circular, en el que cada actor tiene un papel que desempe\u00f1ar. La gesti\u00f3n de los bidones usados representa un verdadero desaf\u00edo\u2026 que transformamos en una oportunidad.<\/p>\n\n\n\n<p style=\"padding-bottom:var(--wp--preset--spacing--60)\">Algunas cifras clave sobre nuestros bidones:<\/p>\n<\/div>\n<\/div>\n\n\n\n<div class=\"wp-block-group alignwide is-style-no_deco is-vertical is-content-justification-center is-layout-flex wp-container-core-group-is-layout-73a99bce wp-block-group-is-layout-flex\">\n<div class=\"wp-block-buttons alignfull is-content-justification-center is-layout-flex wp-container-core-buttons-is-layout-16018d1d wp-block-buttons-is-layout-flex\">\n<div class=\"wp-block-button is-style-outline is-style-outline--1\"><a class=\"wp-block-button__link has-text-align-center wp-element-button\">+ 260 000 bidones puestos en el mercado<\/a><\/div>\n\n\n\n<div class=\"wp-block-button is-style-outline is-style-outline--2\"><a class=\"wp-block-button__link wp-element-button\">3 colores: verde, transparente, blanco<\/a><\/div>\n\n\n\n<div class=\"wp-block-button\"><a class=\"wp-block-button__link wp-element-button\">+ 212 toneladas de pl\u00e1sticos<\/a><\/div>\n\n\n\n<div class=\"wp-block-button is-style-fill\"><a class=\"wp-block-button__link wp-element-button\">8 formatos: 1L, 2,5L, 5L, 10L, 15L, 20L, 30L<\/a><\/div>\n\n\n\n<div class=\"wp-block-button is-style-fill\"><a class=\"wp-block-button__link wp-element-button\">1 materia prima: PEAD (polietileno de alta densidad)<\/a><\/div>\n<\/div>\n<\/div>\n\n\n\n<div class=\"wp-block-columns alignwide is-layout-flex wp-container-core-columns-is-layout-9d6595d7 wp-block-columns-is-layout-flex\">\n<div class=\"wp-block-column is-layout-flow wp-block-column-is-layout-flow\">\n<h2 class=\"wp-block-heading alignwide\" style=\"padding-top:var(--wp--preset--spacing--70)\"><strong><a href=\"\/es\/?page_id=52429\">Algi-Vert<\/a><\/strong><\/h2>\n<\/div>\n<\/div>\n\n\n\n<div class=\"wp-block-columns alignwide is-layout-flex wp-container-core-columns-is-layout-9d6595d7 wp-block-columns-is-layout-flex\">\n<div class=\"wp-block-column is-layout-flow wp-block-column-is-layout-flow\" style=\"flex-basis:66.66%\">\n<p style=\"padding-top:var(--wp--preset--spacing--60);padding-bottom:0px\">El <strong>VERDE <\/strong>Algimouss es la referencia visual de nuestra marca: todos nuestros bidones lo lucen con orgullo.<\/p>\n\n\n\n<p>Sin embargo, hemos decidido romper con esta tradici\u00f3n para nuestra gama Algi-Vert, dedicada a un enfoque m\u00e1s responsable.<\/p>\n\n\n\n<p>Reconocibles por sus bidones transl\u00facidos, los productos Algi-Vert asumen su transparencia incluso en su envase.<\/p>\n\n\n\n<p>Al optar por un pl\u00e1stico sin color, reducimos el impacto ambiental asociado a la fabricaci\u00f3n y facilitamos el reciclaje de los envases.<\/p>\n\n\n\n<p>Una elecci\u00f3n comprometida, fiel a los valores que representa esta gama.<\/p>\n<\/div>\n\n\n\n<div class=\"wp-block-column is-layout-flow wp-block-column-is-layout-flow\" style=\"flex-basis:33.33%\">\n<figure class=\"wp-block-image size-full\"><img loading=\"lazy\" decoding=\"async\" width=\"500\" height=\"500\" src=\"https:\/\/algimouss.com\/wp-content\/uploads\/algimouss-carte-fournisseurs-100-francais-1-1.png\" alt=\"\" class=\"wp-image-52933\" srcset=\"https:\/\/algimouss.com\/wp-content\/uploads\/algimouss-carte-fournisseurs-100-francais-1-1.png 500w, https:\/\/algimouss.com\/wp-content\/uploads\/algimouss-carte-fournisseurs-100-francais-1-1-300x300.png 300w, https:\/\/algimouss.com\/wp-content\/uploads\/algimouss-carte-fournisseurs-100-francais-1-1-150x150.png 150w, https:\/\/algimouss.com\/wp-content\/uploads\/algimouss-carte-fournisseurs-100-francais-1-1-80x80.png 80w, https:\/\/algimouss.com\/wp-content\/uploads\/algimouss-carte-fournisseurs-100-francais-1-1-180x180.png 180w, https:\/\/algimouss.com\/wp-content\/uploads\/algimouss-carte-fournisseurs-100-francais-1-1-450x450.png 450w, https:\/\/algimouss.com\/wp-content\/uploads\/algimouss-carte-fournisseurs-100-francais-1-1-120x120.png 120w\" sizes=\"auto, (max-width: 500px) 100vw, 500px\" \/><\/figure>\n<\/div>\n<\/div>\n\n\n\n<h2 class=\"wp-block-heading alignwide\" style=\"padding-top:var(--wp--preset--spacing--50);padding-bottom:var(--wp--preset--spacing--60)\"><strong>\u00bfY ma\u00f1ana?<\/strong><\/h2>\n\n\n\n<div class=\"wp-block-columns is-layout-flex wp-container-core-columns-is-layout-9d6595d7 wp-block-columns-is-layout-flex\">\n<div class=\"wp-block-column is-layout-flow wp-block-column-is-layout-flow\" style=\"flex-basis:33.33%\">\n<figure class=\"wp-block-image alignwide size-full\"><a href=\"https:\/\/www.ecodds.com\/detenteur-de-dechets-chimiques\/ou-deposer-vos-dechets-chimiques\/\" target=\"_blank\" rel=\"noopener\"><img loading=\"lazy\" decoding=\"async\" width=\"805\" height=\"768\" src=\"https:\/\/algimouss.com\/wp-content\/uploads\/algimouss-capture-decran-2025-05-21-155146.png\" alt=\"\" class=\"wp-image-46354\" srcset=\"https:\/\/algimouss.com\/wp-content\/uploads\/algimouss-capture-decran-2025-05-21-155146.png 805w, https:\/\/algimouss.com\/wp-content\/uploads\/algimouss-capture-decran-2025-05-21-155146-300x286.png 300w, https:\/\/algimouss.com\/wp-content\/uploads\/algimouss-capture-decran-2025-05-21-155146-768x733.png 768w, https:\/\/algimouss.com\/wp-content\/uploads\/algimouss-capture-decran-2025-05-21-155146-80x76.png 80w, https:\/\/algimouss.com\/wp-content\/uploads\/algimouss-capture-decran-2025-05-21-155146-180x172.png 180w, https:\/\/algimouss.com\/wp-content\/uploads\/algimouss-capture-decran-2025-05-21-155146-450x429.png 450w, https:\/\/algimouss.com\/wp-content\/uploads\/algimouss-capture-decran-2025-05-21-155146-120x114.png 120w\" sizes=\"auto, (max-width: 805px) 100vw, 805px\" \/><\/a><\/figure>\n<\/div>\n\n\n\n<div class=\"wp-block-column is-layout-flow wp-block-column-is-layout-flow\" style=\"flex-basis:66.66%\">\n<p>\u00bfSab\u00eda que existen eco-organismos especializados a los que estamos adheridos?<\/p>\n\n\n\n<ul class=\"wp-block-list\">\n<li><a href=\"https:\/\/www.ecodds.com\/\" target=\"_blank\" rel=\"noopener\">ECO DDS<\/a> \u201cResiduos Difusos Espec\u00edficos\u201d. Recoge y trata los residuos difusos espec\u00edficos. De hecho, algunos puntos limpios est\u00e1n autorizados por el eco-organismo para recoger sus bidones vac\u00edos.<\/li>\n\n\n\n<li><a href=\"https:\/\/www.twiice.org\/\" target=\"_blank\" rel=\"noopener\">TWIICE<\/a> : recogida de residuos profesionales (pr\u00f3ximamente disponible).<\/li>\n<\/ul>\n\n\n\n<p>\ud83d\udccd Encuentre el punto limpio m\u00e1s cercano haciendo clic en el mapa.<\/p>\n<\/div>\n<\/div>\n\n\n\n<p class=\"has-text-align-center\" style=\"padding-top:var(--wp--preset--spacing--60)\">\ud83d\udca1 \u00a1Se est\u00e1 preparando una soluci\u00f3n a\u00fan m\u00e1s cercana a usted!<\/p>\n\n\n\n<p class=\"has-text-align-center\">Trabajamos en colaboraci\u00f3n con los eco-organismos en una alternativa que responda tanto a los desaf\u00edos medioambientales como a los econ\u00f3micos y log\u00edsticos \ud83c\udf0d<\/p>\n","protected":false},"excerpt":{"rendered":"<p>Descubra en esta p\u00e1gina nuestros compromisos con el reciclaje y la econom\u00eda circular de nuestros bidones.<\/p>\n","protected":false},"author":3,"featured_media":52003,"parent":0,"menu_order":1,"comment_status":"closed","ping_status":"closed","template":"","meta":{"_acf_changed":false,"footnotes":""},"categories":[],"tags":[],"class_list":["post-51999","page","type-page","status-publish","has-post-thumbnail","hentry"],"acf":[],"_links":{"self":[{"href":"https:\/\/algimouss.com\/es\/wp-json\/wp\/v2\/pages\/51999","targetHints":{"allow":["GET"]}}],"collection":[{"href":"https:\/\/algimouss.com\/es\/wp-json\/wp\/v2\/pages"}],"about":[{"href":"https:\/\/algimouss.com\/es\/wp-json\/wp\/v2\/types\/page"}],"author":[{"embeddable":true,"href":"https:\/\/algimouss.com\/es\/wp-json\/wp\/v2\/users\/3"}],"replies":[{"embeddable":true,"href":"https:\/\/algimouss.com\/es\/wp-json\/wp\/v2\/comments?post=51999"}],"version-history":[{"count":19,"href":"https:\/\/algimouss.com\/es\/wp-json\/wp\/v2\/pages\/51999\/revisions"}],"predecessor-version":[{"id":53170,"href":"https:\/\/algimouss.com\/es\/wp-json\/wp\/v2\/pages\/51999\/revisions\/53170"}],"wp:featuredmedia":[{"embeddable":true,"href":"https:\/\/algimouss.com\/es\/wp-json\/wp\/v2\/media\/52003"}],"wp:attachment":[{"href":"https:\/\/algimouss.com\/es\/wp-json\/wp\/v2\/media?parent=51999"}],"wp:term":[{"taxonomy":"category","embeddable":true,"href":"https:\/\/algimouss.com\/es\/wp-json\/wp\/v2\/categories?post=51999"},{"taxonomy":"post_tag","embeddable":true,"href":"https:\/\/algimouss.com\/es\/wp-json\/wp\/v2\/tags?post=51999"}],"curies":[{"name":"wp","href":"https:\/\/api.w.org\/{rel}","templated":true}]}}