{"id":51989,"date":"2025-05-16T11:25:04","date_gmt":"2025-05-16T09:25:04","guid":{"rendered":"https:\/\/algimouss.com\/achats-reponsables\/"},"modified":"2026-01-13T09:48:01","modified_gmt":"2026-01-13T08:48:01","slug":"compras-responsables","status":"publish","type":"page","link":"https:\/\/algimouss.com\/es\/compras-responsables\/","title":{"rendered":"Nuestras compras responsables"},"content":{"rendered":"\n<div class=\"wp-block-cover alignfull is-light is-style-standard\" style=\"min-height:299px;aspect-ratio:unset;\"><img loading=\"lazy\" decoding=\"async\" width=\"1024\" height=\"683\" class=\"wp-block-cover__image-background wp-image-46218\" alt=\"\" src=\"https:\/\/algimouss.com\/wp-content\/uploads\/algimouss-u60-1024x683.jpg\" data-object-fit=\"cover\" srcset=\"https:\/\/algimouss.com\/wp-content\/uploads\/algimouss-u60-1024x683.jpg 1024w, https:\/\/algimouss.com\/wp-content\/uploads\/algimouss-u60-300x200.jpg 300w, https:\/\/algimouss.com\/wp-content\/uploads\/algimouss-u60-768x513.jpg 768w, https:\/\/algimouss.com\/wp-content\/uploads\/algimouss-u60-1536x1025.jpg 1536w, https:\/\/algimouss.com\/wp-content\/uploads\/algimouss-u60-2048x1367.jpg 2048w, https:\/\/algimouss.com\/wp-content\/uploads\/algimouss-u60-80x53.jpg 80w, https:\/\/algimouss.com\/wp-content\/uploads\/algimouss-u60-180x120.jpg 180w, https:\/\/algimouss.com\/wp-content\/uploads\/algimouss-u60-450x300.jpg 450w, https:\/\/algimouss.com\/wp-content\/uploads\/algimouss-u60-120x80.jpg 120w\" sizes=\"auto, (max-width: 1024px) 100vw, 1024px\" \/><span aria-hidden=\"true\" class=\"wp-block-cover__background has-white-background-color has-background-dim\"><\/span><div class=\"wp-block-cover__inner-container is-layout-flow wp-block-cover-is-layout-flow\">\n<h1 class=\"wp-block-heading has-text-align-center has-main-color-color has-text-color has-link-color wp-elements-b6d83ee5fdc67e400ed753ed66368575\">Nuestras compras responsables<\/h1>\n<\/div><\/div>\n\n\n\n<div style=\"height:72px\" aria-hidden=\"true\" class=\"wp-block-spacer\"><\/div>\n\n\n\n<div class=\"wp-block-columns alignwide is-layout-flex wp-container-core-columns-is-layout-9d6595d7 wp-block-columns-is-layout-flex\">\n<div class=\"wp-block-column is-layout-flow wp-block-column-is-layout-flow\" style=\"flex-basis:100%\">\n<p>Consideramos nuestras compras como un eslab\u00f3n estrat\u00e9gico de nuestro compromiso con una industria m\u00e1s sostenible, m\u00e1s \u00e9tica y m\u00e1s local. Desde principios de 2025, hemos formalizado este enfoque mediante <strong>una carta de compras responsables<\/strong> dirigida a nuestros proveedores.<\/p>\n\n\n\n<p>Este documento establece nuestras exigencias en cuanto a<strong> la calidad de los productos y servicios, la \u00e9tica en las pr\u00e1cticas, el impacto ambiental y la responsabilidad social<\/strong>. Esta carta se complementa con un sistema de evaluaci\u00f3n de proveedores.<\/p>\n\n\n\n<p><strong>Objetivo<\/strong>: medir su alineaci\u00f3n con nuestros compromisos y acompa\u00f1arlos en un proceso de mejora continua.<\/p>\n\n\n\n<div class=\"wp-block-buttons alignwide is-content-justification-center is-layout-flex wp-container-core-buttons-is-layout-16018d1d wp-block-buttons-is-layout-flex\">\n<div class=\"wp-block-button\"><a class=\"wp-block-button__link wp-element-button\" href=\"https:\/\/algimouss.com\/wp-content\/uploads\/algimouss-ch.q.01-2.a-charte-fournisseur-achat-responsable-espagnol.pdf\"><strong>Carta de Proveedor Compras Responsables<\/strong><\/a><\/div>\n<\/div>\n<\/div>\n<\/div>\n\n\n\n<div style=\"height:72px\" aria-hidden=\"true\" class=\"wp-block-spacer\"><\/div>\n\n\n\n<h3 class=\"wp-block-heading has-text-align-center has-main-color-color has-text-color has-link-color wp-elements-934f49f0d2c8b9e378252c6fee16c8f1\" style=\"padding-bottom:var(--wp--preset--spacing--60);text-transform:uppercase\">Una fabricaci\u00f3n 100% francesa<\/h3>\n\n\n\n<div style=\"height:28px\" aria-hidden=\"true\" class=\"wp-block-spacer\"><\/div>\n\n\n\n<div class=\"wp-block-columns alignwide is-layout-flex wp-container-core-columns-is-layout-9d6595d7 wp-block-columns-is-layout-flex\">\n<div class=\"wp-block-column is-layout-flow wp-block-column-is-layout-flow\">\n<p>Desde nuestro centro de producci\u00f3n ubicado en <strong>La S\u00e9guini\u00e8re (49)<\/strong>, llevamos con orgullo los colores del \u201cMade in France\u201d. Una elecci\u00f3n industrial firme, orientada hacia <strong>la<\/strong> <strong>calidad<\/strong>, <strong>la capacidad de respuesta<\/strong> y <strong>la responsabilidad<\/strong>.<\/p>\n\n\n\n<p>Pero nuestro compromiso no termina ah\u00ed:<\/p>\n\n\n\n<p><strong>\ud83d\udc49 El 90 % de nuestros proveedores est\u00e1n establecidos en Francia.<\/strong><\/p>\n\n\n\n<p>Esto incluye nuestras<strong> materias primas, envases, etiquetas, cat\u00e1logo<\/strong>s, as\u00ed como nuestros <strong>materiales publicitarios<\/strong> (PLV) y <strong>art\u00edculos promocionales<\/strong>.<\/p>\n\n\n\n<p>\ud83d\udd39 \u00bfPor qu\u00e9 este modelo?<\/p>\n\n\n\n<ul class=\"wp-block-list\">\n<li>Reducir nuestro impacto ambiental limitando los transportes.<\/li>\n\n\n\n<li>Valorar el \u201csavoir-faire\u201d &nbsp;industrial local.<\/li>\n\n\n\n<li>Garantizar la trazabilidad y la fiabilidad de nuestra cadena de suministro.<\/li>\n\n\n\n<li>Mantener asociaciones duraderas con actores comprometidos.<\/li>\n<\/ul>\n<\/div>\n\n\n\n<div class=\"wp-block-column is-layout-flow wp-block-column-is-layout-flow\">\n<figure class=\"wp-block-image size-full\"><img loading=\"lazy\" decoding=\"async\" width=\"500\" height=\"500\" src=\"https:\/\/algimouss.com\/wp-content\/uploads\/algimouss-carte-fournisseurs-100-francais.png\" alt=\"\" class=\"wp-image-52906\" srcset=\"https:\/\/algimouss.com\/wp-content\/uploads\/algimouss-carte-fournisseurs-100-francais.png 500w, https:\/\/algimouss.com\/wp-content\/uploads\/algimouss-carte-fournisseurs-100-francais-300x300.png 300w, https:\/\/algimouss.com\/wp-content\/uploads\/algimouss-carte-fournisseurs-100-francais-150x150.png 150w, https:\/\/algimouss.com\/wp-content\/uploads\/algimouss-carte-fournisseurs-100-francais-80x80.png 80w, https:\/\/algimouss.com\/wp-content\/uploads\/algimouss-carte-fournisseurs-100-francais-180x180.png 180w, https:\/\/algimouss.com\/wp-content\/uploads\/algimouss-carte-fournisseurs-100-francais-450x450.png 450w, https:\/\/algimouss.com\/wp-content\/uploads\/algimouss-carte-fournisseurs-100-francais-120x120.png 120w\" sizes=\"auto, (max-width: 500px) 100vw, 500px\" \/><\/figure>\n<\/div>\n<\/div>\n","protected":false},"excerpt":{"rendered":"<p>Desde nuestro centro de producci\u00f3n ubicado en La S\u00e9guini\u00e8re (49), llevamos con orgullo los colores del \u201cMade in France\u201d. <\/p>\n","protected":false},"author":3,"featured_media":51991,"parent":0,"menu_order":32,"comment_status":"closed","ping_status":"closed","template":"","meta":{"_acf_changed":false,"footnotes":""},"categories":[],"tags":[],"class_list":["post-51989","page","type-page","status-publish","has-post-thumbnail","hentry"],"acf":[],"_links":{"self":[{"href":"https:\/\/algimouss.com\/es\/wp-json\/wp\/v2\/pages\/51989","targetHints":{"allow":["GET"]}}],"collection":[{"href":"https:\/\/algimouss.com\/es\/wp-json\/wp\/v2\/pages"}],"about":[{"href":"https:\/\/algimouss.com\/es\/wp-json\/wp\/v2\/types\/page"}],"author":[{"embeddable":true,"href":"https:\/\/algimouss.com\/es\/wp-json\/wp\/v2\/users\/3"}],"replies":[{"embeddable":true,"href":"https:\/\/algimouss.com\/es\/wp-json\/wp\/v2\/comments?post=51989"}],"version-history":[{"count":5,"href":"https:\/\/algimouss.com\/es\/wp-json\/wp\/v2\/pages\/51989\/revisions"}],"predecessor-version":[{"id":53173,"href":"https:\/\/algimouss.com\/es\/wp-json\/wp\/v2\/pages\/51989\/revisions\/53173"}],"wp:featuredmedia":[{"embeddable":true,"href":"https:\/\/algimouss.com\/es\/wp-json\/wp\/v2\/media\/51991"}],"wp:attachment":[{"href":"https:\/\/algimouss.com\/es\/wp-json\/wp\/v2\/media?parent=51989"}],"wp:term":[{"taxonomy":"category","embeddable":true,"href":"https:\/\/algimouss.com\/es\/wp-json\/wp\/v2\/categories?post=51989"},{"taxonomy":"post_tag","embeddable":true,"href":"https:\/\/algimouss.com\/es\/wp-json\/wp\/v2\/tags?post=51989"}],"curies":[{"name":"wp","href":"https:\/\/api.w.org\/{rel}","templated":true}]}}