{"id":51967,"date":"2024-04-03T09:09:05","date_gmt":"2024-04-03T07:09:05","guid":{"rendered":"https:\/\/algimouss.com\/rse\/"},"modified":"2026-01-13T10:39:04","modified_gmt":"2026-01-13T09:39:04","slug":"rse","status":"publish","type":"page","link":"https:\/\/algimouss.com\/es\/rse\/","title":{"rendered":"RSE"},"content":{"rendered":"\n<div class=\"wp-block-cover alignfull is-light\" style=\"min-height:350px;aspect-ratio:unset;\"><img loading=\"lazy\" decoding=\"async\" width=\"2560\" height=\"1701\" class=\"wp-block-cover__image-background wp-image-29528\" alt=\"\" src=\"https:\/\/algimouss.com\/wp-content\/uploads\/algimouss-ambition-impact-environnemental-scaled.jpeg\" style=\"object-position:40% 54%\" data-object-fit=\"cover\" data-object-position=\"40% 54%\"\/><span aria-hidden=\"true\" class=\"wp-block-cover__background has-white-background-color has-background-dim\"><\/span><div class=\"wp-block-cover__inner-container is-layout-flow wp-block-cover-is-layout-flow\">\n<h1 class=\"wp-block-heading has-text-align-center is-style-main_title has-main-color-color has-text-color\">Nuestros compromisos RSE<\/h1>\n<\/div><\/div>\n\n\n\n<div style=\"height:52px\" aria-hidden=\"true\" class=\"wp-block-spacer\"><\/div>\n\n\n\n<p>Desde hace m\u00e1s de 47 a\u00f1os, en <strong>Algimouss <\/strong>situamos la responsabilidad social en el centro de nuestro desarrollo. Conscientes de los desaf\u00edos ambientales y sociales, hemos estructurado nuestra estrategia RSE en torno a tres compromisos fuertes, guiados por la innovaci\u00f3n, la inclusi\u00f3n y la transici\u00f3n sostenible.<\/p>\n\n\n\n<div style=\"height:30px\" aria-hidden=\"true\" class=\"wp-block-spacer\"><\/div>\n\n\n\n<div class=\"wp-block-columns is-layout-flex wp-container-core-columns-is-layout-9d6595d7 wp-block-columns-is-layout-flex\">\n<div class=\"wp-block-column is-layout-flow wp-block-column-is-layout-flow\" style=\"flex-basis:66.66%\">\n<div class=\"wp-block-starter-accordeon\"><div class=\"accordeon_title\" data-accordeon=\"closed\"><p>Compromiso 1: trabajar en la sostenibilidad de nuestra oferta, tanto en el contenido como en los envases<\/p><svg width=\"26\" height=\"19\" viewBox=\"0 0 26 19\" fill=\"none\" xmlns=\"http:\/\/www.w3.org\/2000\/svg\"><g clip-path=\"url(#clip0_3664_873)\"><path d=\"M23.7122 16.3672L12.8717 5.30537L2.05261 16.3672\" stroke=\"#414B5A\" stroke-width=\"3\"><\/path><\/g><defs><clipPath id=\"clip0_3664_873\"><rect width=\"18\" height=\"26\" fill=\"white\" transform=\"translate(0 18.6797) rotate(-90)\"><\/rect><\/clipPath><\/defs><\/svg><\/div><div class=\"accordeon_content closed\">\n<p>Nos comprometemos a desarrollar soluciones m\u00e1s respetuosas con el medio ambiente repensando nuestros productos y sus envases. Nuestro departamento de I+D trabaja en la mejora de las f\u00f3rmulas de nuestras tres gamas: limpieza, tratamiento y protecci\u00f3n, para hacerlas m\u00e1s sostenibles, especialmente a trav\u00e9s de nuestra gama Algi-Vert. <\/p>\n\n\n\n<p>Tambi\u00e9n trabajamos para que nuestro sitio y nuestros envases sean m\u00e1s circulares, reduciendo residuos y fomentando el reciclaje.<\/p>\n<\/div><\/div>\n\n\n\n<div class=\"wp-block-starter-accordeon\"><div class=\"accordeon_title\" data-accordeon=\"closed\"><p>Compromiso 2: desarrollar un proyecto empresarial atractivo y sostenible<\/p><svg width=\"26\" height=\"19\" viewBox=\"0 0 26 19\" fill=\"none\" xmlns=\"http:\/\/www.w3.org\/2000\/svg\"><g clip-path=\"url(#clip0_3664_873)\"><path d=\"M23.7122 16.3672L12.8717 5.30537L2.05261 16.3672\" stroke=\"#414B5A\" stroke-width=\"3\"><\/path><\/g><defs><clipPath id=\"clip0_3664_873\"><rect width=\"18\" height=\"26\" fill=\"white\" transform=\"translate(0 18.6797) rotate(-90)\"><\/rect><\/clipPath><\/defs><\/svg><\/div><div class=\"accordeon_content closed\">\n<p>Queremos construir una empresa donde cada colaborador desempe\u00f1e un papel clave en nuestra transici\u00f3n ecol\u00f3gica y social. Para ello, implementamos programas de formaci\u00f3n e inserci\u00f3n relacionados con nuestra actividad y reforzamos la distribuci\u00f3n de responsabilidades as\u00ed como los valores de la empresa.<\/p>\n<\/div><\/div>\n\n\n\n<div class=\"wp-block-starter-accordeon\"><div class=\"accordeon_title\" data-accordeon=\"closed\"><p>Compromiso 3: hacer concreta la transici\u00f3n ecol\u00f3gica y social en nuestro ecosistema<\/p><svg width=\"26\" height=\"19\" viewBox=\"0 0 26 19\" fill=\"none\" xmlns=\"http:\/\/www.w3.org\/2000\/svg\"><g clip-path=\"url(#clip0_3664_873)\"><path d=\"M23.7122 16.3672L12.8717 5.30537L2.05261 16.3672\" stroke=\"#414B5A\" stroke-width=\"3\"><\/path><\/g><defs><clipPath id=\"clip0_3664_873\"><rect width=\"18\" height=\"26\" fill=\"white\" transform=\"translate(0 18.6797) rotate(-90)\"><\/rect><\/clipPath><\/defs><\/svg><\/div><div class=\"accordeon_content closed\">\n<p>Estamos convencidos que el cambio solo puede ser sostenible si es colectivo. Por ello, sensibilizamos e involucramos a nuestros colaboradores en esta transformaci\u00f3n, acompa\u00f1ando al mismo tiempo a nuestros socios y usuarios hacia pr\u00e1cticas m\u00e1s responsables.<\/p>\n\n\n\n<div class=\"wp-block-buttons alignwide is-horizontal is-content-justification-center is-layout-flex wp-container-core-buttons-is-layout-9393892f wp-block-buttons-is-layout-flex\">\n<div class=\"wp-block-button is-style-outline is-style-outline--1\"><a class=\"wp-block-button__link wp-element-button\" href=\"https:\/\/algimouss.com\/es\/compras-responsables\/\">Nuestras compras responsables<\/a><\/div>\n<\/div>\n<\/div><\/div>\n<\/div>\n\n\n\n<div class=\"wp-block-column is-layout-flow wp-block-column-is-layout-flow\" style=\"flex-basis:33.33%\">\n<figure class=\"wp-block-image size-large\"><img loading=\"lazy\" decoding=\"async\" width=\"1024\" height=\"1009\" src=\"https:\/\/algimouss.com\/wp-content\/uploads\/algimouss-trajectoire-2030-1-1024x1009.png\" alt=\"\" class=\"wp-image-52921\" srcset=\"https:\/\/algimouss.com\/wp-content\/uploads\/algimouss-trajectoire-2030-1-1024x1009.png 1024w, https:\/\/algimouss.com\/wp-content\/uploads\/algimouss-trajectoire-2030-1-300x296.png 300w, https:\/\/algimouss.com\/wp-content\/uploads\/algimouss-trajectoire-2030-1-768x757.png 768w, https:\/\/algimouss.com\/wp-content\/uploads\/algimouss-trajectoire-2030-1-80x80.png 80w, https:\/\/algimouss.com\/wp-content\/uploads\/algimouss-trajectoire-2030-1-180x177.png 180w, https:\/\/algimouss.com\/wp-content\/uploads\/algimouss-trajectoire-2030-1-450x443.png 450w, https:\/\/algimouss.com\/wp-content\/uploads\/algimouss-trajectoire-2030-1-120x118.png 120w, https:\/\/algimouss.com\/wp-content\/uploads\/algimouss-trajectoire-2030-1.png 1080w\" sizes=\"auto, (max-width: 1024px) 100vw, 1024px\" \/><\/figure>\n<\/div>\n<\/div>\n\n\n\n<div style=\"height:30px\" aria-hidden=\"true\" class=\"wp-block-spacer\"><\/div>\n\n\n\n<div class=\"wp-block-columns is-layout-flex wp-container-core-columns-is-layout-9d6595d7 wp-block-columns-is-layout-flex\">\n<div class=\"wp-block-column is-layout-flow wp-block-column-is-layout-flow\">\n<p style=\"padding-bottom:var(--wp--preset--spacing--60)\">Hacemos de la RSE un motor de progreso e innovaci\u00f3n al servicio de un futuro m\u00e1s sostenible y comprometido. Cada uno de nuestros compromisos est\u00e1 acompa\u00f1ado de objetivos concretos. Nuestro enfoque se somete a un seguimiento interno regular mediante indicadores de rendimiento pertinentes.<\/p>\n<\/div>\n<\/div>\n\n\n\n<div class=\"wp-block-buttons is-content-justification-center is-layout-flex wp-container-core-buttons-is-layout-16018d1d wp-block-buttons-is-layout-flex\">\n<div class=\"wp-block-button\"><a class=\"wp-block-button__link wp-element-button\" href=\"https:\/\/algimouss.com\/wp-content\/uploads\/algimouss-politique-rse-algimouss-fevrier-2025-espagnol.pdf\">nuestra pol\u00edtica de RSE<\/a><\/div>\n\n\n\n<div class=\"wp-block-button\"><a class=\"wp-block-button__link wp-element-button\" href=\"https:\/\/algimouss.com\/wp-content\/uploads\/algimouss-politique-environnementale-algimouss-fevrier-2025-espagnol.pdf\">nuestra pol\u00edtica medioambiental<\/a><\/div>\n<\/div>\n\n\n\n<h2 class=\"wp-block-heading has-text-align-center is-style-snd_title has-main-color-color has-text-color has-link-color wp-elements-3ba89321a885d0e8c7f15555fcdd6640\" style=\"padding-top:var(--wp--preset--spacing--80)\">El informe RSE de Algimouss<\/h2>\n\n\n\n<hr class=\"wp-block-separator has-text-color has-snd-color-color has-alpha-channel-opacity has-snd-color-background-color has-background\"\/>\n\n\n\n<p>En Algimouss, estamos orgullosos de nuestro compromiso con la responsabilidad social empresarial (RSE). Nuestro informe RSE es un documento que refleja nuestro compromiso con la sostenibilidad, la transparencia y el impacto positivo en la sociedad y el medio ambiente.<\/p>\n\n\n\n<p style=\"padding-bottom:var(--wp--preset--spacing--50)\">Nuestro informe RSE es un informe detallado de nuestras acciones, pol\u00edticas y desempe\u00f1o en materia de responsabilidad social empresarial. Proporciona una visi\u00f3n completa y transparente de nuestro compromiso con la sostenibilidad en todos los aspectos de nuestra actividad, incluyendo nuestro impacto ambiental, nuestras pr\u00e1cticas sociales y nuestro gobierno corporativo.<\/p>\n\n\n\n<h2 class=\"wp-block-heading has-text-align-center is-style-snd_title has-main-color-color has-text-color has-link-color wp-elements-cf1be3e29a5ec58ea76a939bd26bec0c\" style=\"padding-top:var(--wp--preset--spacing--80)\">Nuestros socios<\/h2>\n\n\n\n<hr class=\"wp-block-separator has-text-color has-snd-color-color has-alpha-channel-opacity has-snd-color-background-color has-background\"\/>\n\n\n\n<p style=\"padding-bottom:var(--wp--preset--spacing--60)\">En Algimouss colaboramos con socios comprometidos que comparten nuestra visi\u00f3n de la responsabilidad social empresarial (RSE). Juntos trabajamos mano a mano para implementar pr\u00e1cticas sostenibles y contribuir positivamente a la sociedad y al medio ambiente.<\/p>\n\n\n\n<div class=\"wp-block-columns is-layout-flex wp-container-core-columns-is-layout-69df4c34 wp-block-columns-is-layout-flex\" style=\"padding-top:0;padding-bottom:var(--wp--preset--spacing--50)\">\n<div class=\"wp-block-column is-layout-flow wp-block-column-is-layout-flow\">\n<figure class=\"wp-block-image size-full\"><img loading=\"lazy\" decoding=\"async\" width=\"310\" height=\"147\" src=\"https:\/\/algimouss.com\/wp-content\/uploads\/algimouss-logo-r3-impact.png\" alt=\"\" class=\"wp-image-39460\" srcset=\"https:\/\/algimouss.com\/wp-content\/uploads\/algimouss-logo-r3-impact.png 310w, https:\/\/algimouss.com\/wp-content\/uploads\/algimouss-logo-r3-impact-300x142.png 300w, https:\/\/algimouss.com\/wp-content\/uploads\/algimouss-logo-r3-impact-80x38.png 80w, https:\/\/algimouss.com\/wp-content\/uploads\/algimouss-logo-r3-impact-180x85.png 180w, https:\/\/algimouss.com\/wp-content\/uploads\/algimouss-logo-r3-impact-120x57.png 120w, https:\/\/algimouss.com\/wp-content\/uploads\/algimouss-logo-r3-impact-250x119.png 250w\" sizes=\"auto, (max-width: 310px) 100vw, 310px\" \/><\/figure>\n<\/div>\n\n\n\n<div class=\"wp-block-column is-layout-flow wp-block-column-is-layout-flow\">\n<p style=\"padding-bottom:0\"><a href=\"https:\/\/www.r3.fr\/\" target=\"_blank\" rel=\"noopener\">R3 impact<\/a>&nbsp;nos acompa\u00f1a desde el inicio de este enfoque. Fuente real de ayuda e inspiraci\u00f3n, el equipo de R3 Impact nos acompa\u00f1a diariamente para trabajar de la mejor manera por el bienestar de los colaboradores y del planeta.<\/p>\n<\/div>\n<\/div>\n\n\n\n<div class=\"wp-block-columns is-layout-flex wp-container-core-columns-is-layout-b3b5ee10 wp-block-columns-is-layout-flex\" style=\"padding-bottom:var(--wp--preset--spacing--50)\">\n<div class=\"wp-block-column is-layout-flow wp-block-column-is-layout-flow\">\n<p>La calificaci\u00f3n <a href=\"https:\/\/ecovadis.com\/fr\/\" target=\"_blank\" rel=\"noopener\">EcoVadis<\/a> permite destacar el nivel de compromiso de las empresas en diferentes temas: medio ambiente, derechos humanos y sociales, \u00e9tica y compras responsables. <\/p>\n\n\n\n<p>Ecovadis es una referencia mundial que eval\u00faa la gesti\u00f3n empresarial en materia de compromisos ambientales, sociales y de gobernanza.<\/p>\n<\/div>\n\n\n\n<div class=\"wp-block-column is-layout-flow wp-block-column-is-layout-flow\">\n<figure class=\"wp-block-image size-large\"><img loading=\"lazy\" decoding=\"async\" width=\"1024\" height=\"343\" src=\"https:\/\/algimouss.com\/wp-content\/uploads\/algimouss-ecovadis-1024x343.jpg\" alt=\"\" class=\"wp-image-39458\" srcset=\"https:\/\/algimouss.com\/wp-content\/uploads\/algimouss-ecovadis-1024x343.jpg 1024w, https:\/\/algimouss.com\/wp-content\/uploads\/algimouss-ecovadis-300x101.jpg 300w, https:\/\/algimouss.com\/wp-content\/uploads\/algimouss-ecovadis-768x257.jpg 768w, https:\/\/algimouss.com\/wp-content\/uploads\/algimouss-ecovadis-80x27.jpg 80w, https:\/\/algimouss.com\/wp-content\/uploads\/algimouss-ecovadis-180x60.jpg 180w, https:\/\/algimouss.com\/wp-content\/uploads\/algimouss-ecovadis-450x151.jpg 450w, https:\/\/algimouss.com\/wp-content\/uploads\/algimouss-ecovadis-120x40.jpg 120w, https:\/\/algimouss.com\/wp-content\/uploads\/algimouss-ecovadis-250x84.jpg 250w, https:\/\/algimouss.com\/wp-content\/uploads\/algimouss-ecovadis.jpg 1119w\" sizes=\"auto, (max-width: 1024px) 100vw, 1024px\" \/><\/figure>\n<\/div>\n<\/div>\n\n\n\n<div class=\"wp-block-columns is-layout-flex wp-container-core-columns-is-layout-9d6595d7 wp-block-columns-is-layout-flex\">\n<div class=\"wp-block-column is-layout-flow wp-block-column-is-layout-flow\"><div class=\"wp-block-image\">\n<figure class=\"aligncenter size-full\"><img loading=\"lazy\" decoding=\"async\" width=\"258\" height=\"252\" src=\"https:\/\/algimouss.com\/wp-content\/uploads\/algimouss-image-1.jpg\" alt=\"\" class=\"wp-image-46267\" srcset=\"https:\/\/algimouss.com\/wp-content\/uploads\/algimouss-image-1.jpg 258w, https:\/\/algimouss.com\/wp-content\/uploads\/algimouss-image-1-80x78.jpg 80w, https:\/\/algimouss.com\/wp-content\/uploads\/algimouss-image-1-180x176.jpg 180w, https:\/\/algimouss.com\/wp-content\/uploads\/algimouss-image-1-120x117.jpg 120w\" sizes=\"auto, (max-width: 258px) 100vw, 258px\" \/><\/figure>\n<\/div><\/div>\n\n\n\n<div class=\"wp-block-column is-layout-flow wp-block-column-is-layout-flow\">\n<p>Para el a\u00f1o 2025, estamos orgullosos de anunciar nuestra medalla de bronce. Puede acceder a <a href=\"https:\/\/algimouss.com\/wp-content\/uploads\/algimouss-fiche-evaluation-ecovadis.jpg\">nuestra ficha de evaluaci\u00f3n<\/a> para conocer el detalle de los puntajes por tem\u00e1tica.<\/p>\n\n\n\n<p>Cada empresa se eval\u00faa seg\u00fan problem\u00e1ticas esenciales de acuerdo con su tama\u00f1o, ubicaci\u00f3n y sector de actividad. Las evaluaciones basadas en evidencia se refinan con puntajes que van de 0 a 100 y medallas (bronce, plata, oro).<\/p>\n<\/div>\n<\/div>\n\n\n\n<h2 class=\"wp-block-heading has-text-align-center is-style-snd_title has-main-color-color has-text-color has-link-color wp-elements-8bdd7ee19397802f5107a76cc1aa3cb0\" style=\"padding-top:var(--wp--preset--spacing--80)\">Algimouss se compromete: etiquetas Excell Zona Verde \/ Excell +<\/h2>\n\n\n\n<hr class=\"wp-block-separator has-text-color has-snd-color-color has-alpha-channel-opacity has-snd-color-background-color has-background\"\/>\n\n\n\n<div class=\"wp-block-columns is-layout-flex wp-container-core-columns-is-layout-9d6595d7 wp-block-columns-is-layout-flex\">\n<div class=\"wp-block-column is-layout-flow wp-block-column-is-layout-flow\"><div class=\"wp-block-image is-style-default\">\n<figure class=\"alignright size-full is-resized\"><img loading=\"lazy\" decoding=\"async\" width=\"842\" height=\"595\" src=\"https:\/\/algimouss.com\/wp-content\/uploads\/algimouss-excell-interieure.gif\" alt=\"\" class=\"wp-image-39385\" style=\"width:265px\"\/><\/figure>\n<\/div><\/div>\n\n\n\n<div class=\"wp-block-column is-layout-flow wp-block-column-is-layout-flow\">\n<figure class=\"wp-block-image size-full is-resized\"><img loading=\"lazy\" decoding=\"async\" width=\"766\" height=\"569\" src=\"https:\/\/algimouss.com\/wp-content\/uploads\/algimouss-excell-zone-verte.jpg\" alt=\"\" class=\"wp-image-39383\" style=\"width:254px;height:auto\" srcset=\"https:\/\/algimouss.com\/wp-content\/uploads\/algimouss-excell-zone-verte.jpg 766w, https:\/\/algimouss.com\/wp-content\/uploads\/algimouss-excell-zone-verte-300x223.jpg 300w, https:\/\/algimouss.com\/wp-content\/uploads\/algimouss-excell-zone-verte-80x59.jpg 80w, https:\/\/algimouss.com\/wp-content\/uploads\/algimouss-excell-zone-verte-180x134.jpg 180w, https:\/\/algimouss.com\/wp-content\/uploads\/algimouss-excell-zone-verte-450x334.jpg 450w, https:\/\/algimouss.com\/wp-content\/uploads\/algimouss-excell-zone-verte-120x89.jpg 120w, https:\/\/algimouss.com\/wp-content\/uploads\/algimouss-excell-zone-verte-250x186.jpg 250w\" sizes=\"auto, (max-width: 766px) 100vw, 766px\" \/><\/figure>\n<\/div>\n<\/div>\n\n\n\n<h3 class=\"wp-block-heading is-style-third_title\" style=\"padding-bottom:var(--wp--preset--spacing--50)\"><span style=\"text-decoration: underline;\">Contexto<\/span><\/h3>\n\n\n\n<p style=\"padding-top:0;padding-bottom:0\">Nivel de exigencia superior que garantiza que las emisiones al aire generadas por nuestros productos no puedan causar alteraciones en el confort de vida (posibles debido a la presencia de contaminantes espec\u00edficos indicados por esta etiqueta). De hecho, nuestros productos pueden depositarse en viviendas, as\u00ed como en entornos terciarios o lugares de trabajo.<\/p>\n\n\n\n<p style=\"padding-top:0;padding-bottom:0\"><br>Excell Zona Verde \/ Excell + representa un nivel de exigencia superior que asegura que las emisiones de compuestos qu\u00edmicos en fase gaseosa de los materiales, aunque sean bajas, no causar\u00e1n alteraciones en la composici\u00f3n, la calidad organol\u00e9ptica del producto sensible o el confort de vida debido a la presencia de contaminantes espec\u00edficos no contemplados por regulaciones y etiquetas internacionales.<\/p>\n\n\n\n<h3 class=\"wp-block-heading is-style-third_title\" style=\"padding-bottom:var(--wp--preset--spacing--50)\"><span style=\"text-decoration: underline;\">Objetivos<\/span><\/h3>\n\n\n\n<p>Ventajas del enfoque \u00abExcell Zona Verde \/ Excell +\u00bb<\/p>\n\n\n\n<ul class=\"wp-block-list\">\n<li>Consideraci\u00f3n de diferentes aspectos: composici\u00f3n, impactos sanitarios y organol\u00e9pticos \/ confort de vida objetivo.<\/li>\n\n\n\n<li>Anticipaci\u00f3n a la normativa mediante la consideraci\u00f3n de la peligrosidad de ciertas mol\u00e9culas (para el usuario y su entorno).<\/li>\n<\/ul>\n\n\n\n<h3 class=\"wp-block-heading is-style-third_title\" style=\"padding-bottom:var(--wp--preset--spacing--50)\"><span style=\"text-decoration: underline;\">\u00bfPor qu\u00e9 exigir productos de calidad Excell +?<\/span><\/h3>\n\n\n\n<p style=\"padding-bottom:var(--wp--preset--spacing--60)\">Excell + es un procedimiento de calificaci\u00f3n de productos de construcci\u00f3n y decoraci\u00f3n que permite identificar y promover productos con bajas emisiones qu\u00edmicas.<\/p>\n\n\n\n<div class=\"wp-block-buttons is-content-justification-center is-layout-flex wp-container-core-buttons-is-layout-16018d1d wp-block-buttons-is-layout-flex\"><\/div>\n\n\n\n<p><\/p>\n","protected":false},"excerpt":{"rendered":"<p>Descubra en esta p\u00e1gina nuestros compromisos de RSE.<\/p>\n","protected":false},"author":2,"featured_media":51724,"parent":0,"menu_order":10,"comment_status":"closed","ping_status":"closed","template":"","meta":{"_acf_changed":false,"footnotes":""},"categories":[],"tags":[],"class_list":["post-51967","page","type-page","status-publish","has-post-thumbnail","hentry"],"acf":[],"_links":{"self":[{"href":"https:\/\/algimouss.com\/es\/wp-json\/wp\/v2\/pages\/51967","targetHints":{"allow":["GET"]}}],"collection":[{"href":"https:\/\/algimouss.com\/es\/wp-json\/wp\/v2\/pages"}],"about":[{"href":"https:\/\/algimouss.com\/es\/wp-json\/wp\/v2\/types\/page"}],"author":[{"embeddable":true,"href":"https:\/\/algimouss.com\/es\/wp-json\/wp\/v2\/users\/2"}],"replies":[{"embeddable":true,"href":"https:\/\/algimouss.com\/es\/wp-json\/wp\/v2\/comments?post=51967"}],"version-history":[{"count":25,"href":"https:\/\/algimouss.com\/es\/wp-json\/wp\/v2\/pages\/51967\/revisions"}],"predecessor-version":[{"id":53181,"href":"https:\/\/algimouss.com\/es\/wp-json\/wp\/v2\/pages\/51967\/revisions\/53181"}],"wp:featuredmedia":[{"embeddable":true,"href":"https:\/\/algimouss.com\/es\/wp-json\/wp\/v2\/media\/51724"}],"wp:attachment":[{"href":"https:\/\/algimouss.com\/es\/wp-json\/wp\/v2\/media?parent=51967"}],"wp:term":[{"taxonomy":"category","embeddable":true,"href":"https:\/\/algimouss.com\/es\/wp-json\/wp\/v2\/categories?post=51967"},{"taxonomy":"post_tag","embeddable":true,"href":"https:\/\/algimouss.com\/es\/wp-json\/wp\/v2\/tags?post=51967"}],"curies":[{"name":"wp","href":"https:\/\/api.w.org\/{rel}","templated":true}]}}