{"id":51947,"date":"2024-01-08T15:42:27","date_gmt":"2024-01-08T14:42:27","guid":{"rendered":"https:\/\/algimouss.com\/la-societe\/"},"modified":"2026-01-13T14:14:20","modified_gmt":"2026-01-13T13:14:20","slug":"la-empresa","status":"publish","type":"page","link":"https:\/\/algimouss.com\/es\/la-empresa\/","title":{"rendered":"La empresa"},"content":{"rendered":"","protected":false},"excerpt":{"rendered":"<p>La empresa Algimouss es una compa\u00f1\u00eda francesa ubicada en Maine-et-Loire, en La S\u00e9guini\u00e8re, cerca de Cholet. \u00a1Descubra nuestra historia!<\/p>\n","protected":false},"author":1,"featured_media":0,"parent":0,"menu_order":8,"comment_status":"closed","ping_status":"closed","template":"template-societe.php","meta":{"_acf_changed":false,"footnotes":""},"categories":[],"tags":[],"class_list":["post-51947","page","type-page","status-publish","hentry"],"acf":[],"_links":{"self":[{"href":"https:\/\/algimouss.com\/es\/wp-json\/wp\/v2\/pages\/51947","targetHints":{"allow":["GET"]}}],"collection":[{"href":"https:\/\/algimouss.com\/es\/wp-json\/wp\/v2\/pages"}],"about":[{"href":"https:\/\/algimouss.com\/es\/wp-json\/wp\/v2\/types\/page"}],"author":[{"embeddable":true,"href":"https:\/\/algimouss.com\/es\/wp-json\/wp\/v2\/users\/1"}],"replies":[{"embeddable":true,"href":"https:\/\/algimouss.com\/es\/wp-json\/wp\/v2\/comments?post=51947"}],"version-history":[{"count":7,"href":"https:\/\/algimouss.com\/es\/wp-json\/wp\/v2\/pages\/51947\/revisions"}],"predecessor-version":[{"id":53195,"href":"https:\/\/algimouss.com\/es\/wp-json\/wp\/v2\/pages\/51947\/revisions\/53195"}],"wp:attachment":[{"href":"https:\/\/algimouss.com\/es\/wp-json\/wp\/v2\/media?parent=51947"}],"wp:term":[{"taxonomy":"category","embeddable":true,"href":"https:\/\/algimouss.com\/es\/wp-json\/wp\/v2\/categories?post=51947"},{"taxonomy":"post_tag","embeddable":true,"href":"https:\/\/algimouss.com\/es\/wp-json\/wp\/v2\/tags?post=51947"}],"curies":[{"name":"wp","href":"https:\/\/api.w.org\/{rel}","templated":true}]}}