{"id":51941,"date":"2024-04-12T11:27:20","date_gmt":"2024-04-12T09:27:20","guid":{"rendered":"https:\/\/algimouss.com\/nos-distributeurs\/"},"modified":"2026-01-19T12:37:24","modified_gmt":"2026-01-19T11:37:24","slug":"nuestros-distribuidores","status":"publish","type":"page","link":"https:\/\/algimouss.com\/es\/nuestros-distribuidores\/","title":{"rendered":"Distribuidores"},"content":{"rendered":"\n<div class=\"wp-block-cover is-light alignfull\" style=\"min-height:350px;aspect-ratio:unset;\"><img loading=\"lazy\" decoding=\"async\" width=\"972\" height=\"633\" class=\"wp-block-cover__image-background wp-image-38651\" alt=\"\" src=\"https:\/\/algimouss.com\/wp-content\/uploads\/algimouss-carte_mode_edition-1.jpg\" style=\"object-position:65% 26%\" data-object-fit=\"cover\" data-object-position=\"65% 26%\" srcset=\"https:\/\/algimouss.com\/wp-content\/uploads\/algimouss-carte_mode_edition-1.jpg 972w, https:\/\/algimouss.com\/wp-content\/uploads\/algimouss-carte_mode_edition-1-300x195.jpg 300w, https:\/\/algimouss.com\/wp-content\/uploads\/algimouss-carte_mode_edition-1-768x500.jpg 768w, https:\/\/algimouss.com\/wp-content\/uploads\/algimouss-carte_mode_edition-1-80x52.jpg 80w, https:\/\/algimouss.com\/wp-content\/uploads\/algimouss-carte_mode_edition-1-180x117.jpg 180w, https:\/\/algimouss.com\/wp-content\/uploads\/algimouss-carte_mode_edition-1-450x293.jpg 450w, https:\/\/algimouss.com\/wp-content\/uploads\/algimouss-carte_mode_edition-1-120x78.jpg 120w\" sizes=\"auto, (max-width: 972px) 100vw, 972px\" \/><span aria-hidden=\"true\" class=\"wp-block-cover__background has-white-background-color has-background-dim-30 has-background-dim\"><\/span><div class=\"wp-block-cover__inner-container is-layout-flow wp-block-cover-is-layout-flow\">\n<h1 class=\"wp-block-heading has-text-align-center is-style-main_title has-main-color-color has-text-color\">Comprar nuestros productos en nuestros distribuidores<\/h1>\n<\/div><\/div>\n\n\n\n<div class=\"wp-block-columns alignwide is-layout-flex wp-container-core-columns-is-layout-9d6595d7 wp-block-columns-is-layout-flex\">\n<div class=\"wp-block-column is-layout-flow wp-block-column-is-layout-flow\">\n<p style=\"padding-top:var(--wp--preset--spacing--60);padding-bottom:var(--wp--preset--spacing--60)\">Somos fabricantes y no vendemos nuestros productos directamente. Para encontrar los productos Algimouss, consulte nuestra red de distribuidores introduciendo el nombre de una ciudad o un c\u00f3digo postal para localizar el distribuidor m\u00e1s cercano :<\/p>\n<\/div>\n<\/div>\n\n\n\n<div class=\"wp-block-group alignwide is-style-no_deco\" style=\"padding-top:0;padding-bottom:0\"><div class=\"wp-block-group__inner-container is-layout-constrained wp-block-group-is-layout-constrained\"><div class=\"wp-block-starter-carte wp-block\" style=\"padding-top: 80px; padding-bottom: 0px; \"><div><div class=\"acf-map\" data-maxZoom=\"16\"><div class=\"marker\" data-lat=\"42.891136\" data-lng=\"-2.160003\" data-titre=\"ALMACENES LASTADI SL\" data-adresse=\"Av. Pamplona, 30\" data-code_postal=\"31800\" data-ville=\"Altsasu\/Alsasua\" data-pays=\"Espa\u00f1a\" data-telephone=\"Mostrar el tel\u00e9fono\" data-texte_telephone=\"948564185\" data-lien_itineraire=\"https:\/\/www.google.com\/maps\/dir\/\/42.891136,-2.160003\" data-texte_itineraire=\"Obtener direcciones\" ><\/div><div class=\"marker\" data-lat=\"41.5838487\" data-lng=\"2.2559988\" data-titre=\"UCM SOLUCIONES\" data-adresse=\"Av. Puigcerd\u00e0 4, Lli\u00e7\u00e0 de Vall\" data-code_postal=\"8185\" data-ville=\"Barcelona\" data-pays=\"Espa\u00f1a\" data-telephone=\"Mostrar el tel\u00e9fono\" data-texte_telephone=\"938587903\" data-lien_itineraire=\"https:\/\/www.google.com\/maps\/dir\/\/41.5838487,2.2559988\" data-texte_itineraire=\"Obtener direcciones\" ><\/div><div class=\"marker\" data-lat=\"42.2656637\" data-lng=\"3.1757593\" data-titre=\"COLORS ROSES\" data-adresse=\"C\/Dr. Arruga, 14\" data-code_postal=\"17480\" data-ville=\"Roses\" data-pays=\"Espa\u00f1a\" data-telephone=\"Mostrar el tel\u00e9fono\" data-texte_telephone=\"972459756\" data-lien_itineraire=\"https:\/\/www.google.com\/maps\/dir\/\/42.2656637,3.1757593\" data-texte_itineraire=\"Obtener direcciones\" ><\/div><div class=\"marker\" data-lat=\"42.265725\" data-lng=\"2.964388\" data-titre=\"COLORS FIGUERES\" data-adresse=\"C\/ Castell\u00f3, 24\" data-code_postal=\"17006\" data-ville=\"Figueres\" data-pays=\"Espa\u00f1a\" data-telephone=\"Mostrar el tel\u00e9fono\" data-texte_telephone=\"972677977\" data-lien_itineraire=\"https:\/\/www.google.com\/maps\/dir\/\/42.265725,2.964388\" data-texte_itineraire=\"Obtener direcciones\" ><\/div><div class=\"marker\" data-lat=\"41.9593415\" data-lng=\"2.8084589\" data-titre=\"RECANVIS I COLORS, S.L.\" data-adresse=\"C\/ George stephenson,12\" data-code_postal=\"17005\" data-ville=\"Girona\" data-pays=\"Espa\u00f1a\" data-telephone=\"Mostrar el tel\u00e9fono\" data-texte_telephone=\"972235111\" data-lien_itineraire=\"https:\/\/www.google.com\/maps\/dir\/\/41.9593415,2.8084589\" data-texte_itineraire=\"Obtener direcciones\" ><\/div><\/div><\/div><div class=\"wp-block-starter-carte__titre\"><h2>Encontrar un distribuidor cerca de usted<\/h2><hr><div class=\"input-map\"><input id=\"search-input\" placeholder=\"C\u00f3digo postal...\" class=\"search-target-input\" autocomplete=\"off\"><\/div><\/div><script src=\"https:\/\/unpkg.com\/@googlemaps\/markerclusterer\/dist\/index.min.js\"><\/script><script type=\"text\/javascript\" src=\"https:\/\/maps.googleapis.com\/maps\/api\/js?key=AIzaSyAqdoRXhudML2BhO0hBAduvJ9gcbDTm-pg&#038;libraries=places\"><\/script><script src=\"https:\/\/algimouss.com\/wp-content\/themes\/algimouss\/js\/gmap.js\"><\/script><\/div>\n\n\n<h2 class=\"wp-block-heading alignwide has-text-align-center is-style-snd_title has-main-color-color has-text-color has-link-color wp-elements-310ecbb098bb2aa412e69f255557543c\" style=\"padding-top:var(--wp--preset--spacing--60);padding-bottom:var(--wp--preset--spacing--50)\">\u00bfDesea distribuir los productos Algimouss?<\/h2>\n<\/div><\/div>\n\n\n\n<div class=\"wp-block-buttons is-content-justification-center is-layout-flex wp-container-core-buttons-is-layout-16018d1d wp-block-buttons-is-layout-flex\">\n<div class=\"wp-block-button\"><a class=\"wp-block-button__link wp-element-button\" href=\"\/es\/?page_id=52708\">Saber m\u00e1s<\/a><\/div>\n<\/div>\n\n\n\n<div style=\"height:100px\" aria-hidden=\"true\" class=\"wp-block-spacer\"><\/div>\n","protected":false},"excerpt":{"rendered":"<p>Somos fabricantes y no vendemos nuestros productos directamente. Para encontrar los productos Algimouss, consulte nuestra red de distribuidores.<\/p>\n","protected":false},"author":1,"featured_media":51699,"parent":0,"menu_order":13,"comment_status":"closed","ping_status":"closed","template":"","meta":{"_acf_changed":false,"footnotes":""},"categories":[],"tags":[],"class_list":["post-51941","page","type-page","status-publish","has-post-thumbnail","hentry"],"acf":[],"_links":{"self":[{"href":"https:\/\/algimouss.com\/es\/wp-json\/wp\/v2\/pages\/51941","targetHints":{"allow":["GET"]}}],"collection":[{"href":"https:\/\/algimouss.com\/es\/wp-json\/wp\/v2\/pages"}],"about":[{"href":"https:\/\/algimouss.com\/es\/wp-json\/wp\/v2\/types\/page"}],"author":[{"embeddable":true,"href":"https:\/\/algimouss.com\/es\/wp-json\/wp\/v2\/users\/1"}],"replies":[{"embeddable":true,"href":"https:\/\/algimouss.com\/es\/wp-json\/wp\/v2\/comments?post=51941"}],"version-history":[{"count":8,"href":"https:\/\/algimouss.com\/es\/wp-json\/wp\/v2\/pages\/51941\/revisions"}],"predecessor-version":[{"id":53255,"href":"https:\/\/algimouss.com\/es\/wp-json\/wp\/v2\/pages\/51941\/revisions\/53255"}],"wp:featuredmedia":[{"embeddable":true,"href":"https:\/\/algimouss.com\/es\/wp-json\/wp\/v2\/media\/51699"}],"wp:attachment":[{"href":"https:\/\/algimouss.com\/es\/wp-json\/wp\/v2\/media?parent=51941"}],"wp:term":[{"taxonomy":"category","embeddable":true,"href":"https:\/\/algimouss.com\/es\/wp-json\/wp\/v2\/categories?post=51941"},{"taxonomy":"post_tag","embeddable":true,"href":"https:\/\/algimouss.com\/es\/wp-json\/wp\/v2\/tags?post=51941"}],"curies":[{"name":"wp","href":"https:\/\/api.w.org\/{rel}","templated":true}]}}