{"id":51884,"date":"2024-01-04T11:15:11","date_gmt":"2024-01-04T10:15:11","guid":{"rendered":"https:\/\/algimouss.com\/specialiste-des-produits-de-nettoyage-de-traitement-et-de-protection\/"},"modified":"2026-01-30T14:54:05","modified_gmt":"2026-01-30T13:54:05","slug":"specialiste-des-produits-de-nettoyage-de-traitement-et-de-protection","status":"publish","type":"page","link":"https:\/\/algimouss.com\/es\/","title":{"rendered":"Especialista en productos de limpieza, tratamiento y protecci\u00f3n"},"content":{"rendered":"","protected":false},"excerpt":{"rendered":"<p>Inventor del primer tratamiento anti-dep\u00f3sitos verdes en 1978, Algimouss es especialista en productos de limpieza, tratamiento y protecci\u00f3n.<\/p>\n","protected":false},"author":1,"featured_media":51801,"parent":0,"menu_order":5,"comment_status":"closed","ping_status":"closed","template":"template-home.php","meta":{"_acf_changed":false,"footnotes":""},"categories":[],"tags":[],"class_list":["post-51884","page","type-page","status-publish","has-post-thumbnail","hentry"],"acf":[],"_links":{"self":[{"href":"https:\/\/algimouss.com\/es\/wp-json\/wp\/v2\/pages\/51884","targetHints":{"allow":["GET"]}}],"collection":[{"href":"https:\/\/algimouss.com\/es\/wp-json\/wp\/v2\/pages"}],"about":[{"href":"https:\/\/algimouss.com\/es\/wp-json\/wp\/v2\/types\/page"}],"author":[{"embeddable":true,"href":"https:\/\/algimouss.com\/es\/wp-json\/wp\/v2\/users\/1"}],"replies":[{"embeddable":true,"href":"https:\/\/algimouss.com\/es\/wp-json\/wp\/v2\/comments?post=51884"}],"version-history":[{"count":14,"href":"https:\/\/algimouss.com\/es\/wp-json\/wp\/v2\/pages\/51884\/revisions"}],"predecessor-version":[{"id":53441,"href":"https:\/\/algimouss.com\/es\/wp-json\/wp\/v2\/pages\/51884\/revisions\/53441"}],"wp:featuredmedia":[{"embeddable":true,"href":"https:\/\/algimouss.com\/es\/wp-json\/wp\/v2\/media\/51801"}],"wp:attachment":[{"href":"https:\/\/algimouss.com\/es\/wp-json\/wp\/v2\/media?parent=51884"}],"wp:term":[{"taxonomy":"category","embeddable":true,"href":"https:\/\/algimouss.com\/es\/wp-json\/wp\/v2\/categories?post=51884"},{"taxonomy":"post_tag","embeddable":true,"href":"https:\/\/algimouss.com\/es\/wp-json\/wp\/v2\/tags?post=51884"}],"curies":[{"name":"wp","href":"https:\/\/api.w.org\/{rel}","templated":true}]}}